{"id":4008,"date":"2023-02-09T13:42:21","date_gmt":"2023-02-09T12:42:21","guid":{"rendered":"https:\/\/www.nanoskin.be\/?page_id=4008"},"modified":"2023-04-24T14:10:24","modified_gmt":"2023-04-24T12:10:24","slug":"nanotechnologie","status":"publish","type":"page","link":"https:\/\/www.nanoskin.be\/de\/nanotechnologie\/","title":{"rendered":"Nanotechnologie"},"content":{"rendered":"<p><div class=\"fusion-fullwidth fullwidth-box fusion-builder-row-1 hundred-percent-fullwidth non-hundred-percent-height-scrolling\" style=\"background-color: rgba(255,255,255,0);background-position: center center;background-repeat: no-repeat;padding-top:0px;padding-right:0px;padding-bottom:0px;padding-left:0px;margin-bottom: 0px;margin-top: 0px;border-width: 0px 0px 0px 0px;border-color:#eae9e9;border-style:solid;\" ><div class=\"fusion-builder-row fusion-row\"><div class=\"fusion-layout-column fusion_builder_column fusion-builder-column-0 fusion_builder_column_1_1 1_1 fusion-one-full fusion-column-first fusion-column-last\" style=\"margin-top:0px;margin-bottom:20px;\"><div class=\"fusion-column-wrapper fusion-flex-column-wrapper-legacy\" style=\"background-position:left top;background-repeat:no-repeat;-webkit-background-size:cover;-moz-background-size:cover;-o-background-size:cover;background-size:cover;padding: 0px 0px 0px 0px;\">\t\t\t\t\t<div class=\"fusion-slider-container fusion-slider-sc-nanotechnologie fusion-slider-97 full-width-slider\" data-id=\"97\" data-full_height=\"\" style=\"height:250px; max-width:100%;\">\n\t\t\t\t\t\t<style type=\"text\/css\">.fusion-slider-97 .flex-direction-nav a {width:63px;height:63px;line-height:63px;font-size:25px;}<\/style>\t\t\t\t\t\t<div class=\"fusion-slider-loading\">Loading...<\/div>\n\t\t\t\t\t\t<div class=\"tfs-slider flexslider main-flex full-width-slider\" data-slider_width=\"100%\" data-slider_height=\"250px\" data-full_screen=\"0\" data-parallax=\"0\" data-nav_arrows=\"0\" data-nav_arrow_size=\"25px\" data-nav_box_width=\"63px\" data-nav_box_height=\"63px\" data-slideshow_speed=\"7000\" data-loop=\"0\" data-autoplay=\"0\" data-orderby=\"date\" data-order=\"DESC\" data-animation=\"fade\" data-animation_speed=\"600\" data-typo_sensitivity=\"1\" data-typo_factor=\"1.5\" style=\"max-width:100%;\">\n\t\t\t\t\t\t\t<ul class=\"slides\">\n\t\t\t\t\t\t\t\t\t\t\t\t\t\t\t\t\t<li data-mute=\"yes\" data-loop=\"yes\" data-autoplay=\"yes\">\n\t\t\t\t\t\t\t\t\t\t<div class=\"slide-content-container slide-content-center\" style=\"display: none;\">\n\t\t\t\t\t\t\t\t\t\t\t<div class=\"slide-content\" style=\"\">\n\t\t\t\t\t\t\t\t\t\t\t\t\t\t\t\t\t\t\t\t\t\t\t\t\t<div class=\"heading \">\n\t\t\t\t\t\t\t\t\t\t\t\t\t\t<div class=\"fusion-title-sc-wrapper\" style=\"\">\n\t\t\t\t\t\t\t\t\t\t\t\t\t\t\t<style type=\"text\/css\"><\/style><div class=\"fusion-title title fusion-title-1 fusion-sep-none fusion-title-center fusion-title-text fusion-title-size-two\" style=\"margin-top:0px;margin-right:0px;margin-bottom:0px;margin-left:0px;\"><h2 class=\"title-heading-center fusion-responsive-typography-calculated\" style=\"margin:0;color:#ffffff;font-size:36px;line-height:43.2px;--fontSize:28;line-height:1.21;\"><h1>Nanotechnologie<\/h1>\r\n<div class=\"fusion-sep-clear\"><\/div><div class=\"fusion-separator\" style=\"margin-left: auto;margin-right: auto;margin-top:20px;margin-bottom:10px;width:100%;max-width:170px;\"><div class=\"fusion-separator-border sep-single sep-solid\" style=\"border-color:rgb(1, 172, 228);border-top-width:1px;\"><\/div><\/div><div class=\"fusion-sep-clear\"><\/div><\/h2><\/div>\t\t\t\t\t\t\t\t\t\t\t\t\t\t<\/div>\n\t\t\t\t\t\t\t\t\t\t\t\t\t<\/div>\n\t\t\t\t\t\t\t\t\t\t\t\t\t\t\t\t\t\t\t\t\t\t\t\t\t\t\t\t\t\t\t\t\t\t\t\t\t\t\t\t\t\t\t\t\t\t\t\t\t<div class=\"buttons\" >\n\t\t\t\t\t\t\t\t\t\t\t\t\t\t\t\t\t\t\t\t\t\t\t\t\t\t\t\t\t\t\t\t\t\t\t\t\t\t\t\t\t<\/div>\n\t\t\t\t\t\t\t\t\t\t\t\t\t\t\t\t\t\t\t\t\t\t\t<\/div>\n\t\t\t\t\t\t\t\t\t\t<\/div>\n\t\t\t\t\t\t\t\t\t\t\t\t\t\t\t\t\t\t\t\t\t\t\t\t\t\t\t\t\t\t\t\t\t\t\t\t\t\t\t\t<div class=\"background background-image\" style=\"background-image: url(https:\/\/www.nanoskin.be\/wp-content\/uploads\/2015\/02\/nanotechnologie-new.jpg);max-width:100%;height:250px;filter: progid:DXImageTransform.Microsoft.AlphaImageLoader(src='https:\/\/www.nanoskin.be\/wp-content\/uploads\/2015\/02\/nanotechnologie-new.jpg', sizingMethod='scale');\" data-imgwidth=\"1920\">\n\t\t\t\t\t\t\t\t\t\t\t\t\t\t\t\t\t\t\t\t\t\t\t\t\t\t\t\t\t\t\t\t\t\t\t\t\t\t\t\t\t\t\t\t\t\t\t\t\t\t\t\t\t\t\t\t\t\t\t\t\t\t\t\t\t\t<\/div>\n\t\t\t\t\t\t\t\t\t<\/li>\n\t\t\t\t\t\t\t\t\t\t\t\t\t\t\t\t\t\t\t\t\t\t\t<\/ul>\n\t\t\t\t\t\t<\/div>\n\t\t\t\t\t<\/div>\n\t\t\t\t\t\t\t\t<div class=\"fusion-clearfix\"><\/div><\/div><\/div><\/div><\/div><div class=\"fusion-fullwidth fullwidth-box fusion-builder-row-2 nonhundred-percent-fullwidth non-hundred-percent-height-scrolling fusion-equal-height-columns\" style=\"background-color: rgba(255,255,255,0);background-position: center center;background-repeat: no-repeat;padding-top:50px;padding-right:0px;padding-bottom:0px;padding-left:0px;margin-bottom: 0px;margin-top: 0px;border-width: 0px 0px 0px 0px;border-color:#eae9e9;border-style:solid;\" ><div class=\"fusion-builder-row fusion-row\"><div class=\"fusion-layout-column fusion_builder_column fusion-builder-column-1 fusion_builder_column_2_3 2_3 fusion-two-third fusion-column-first\" style=\"width:66.666666666667%;width:calc(66.666666666667% - ( ( 4% ) * 0.66666666666667 ) );margin-right: 4%;margin-top:0px;margin-bottom:20px;\"><div class=\"fusion-column-wrapper fusion-column-has-shadow fusion-flex-column-wrapper-legacy\" style=\"background-position:left top;background-repeat:no-repeat;-webkit-background-size:cover;-moz-background-size:cover;-o-background-size:cover;background-size:cover;background-color:#ffffff;border-width: 1px 1px 1px 1px;border-color:#e2e2e2;border-style:solid;box-shadow:5px 5px 5px 0px #cecece;;padding: 60px 60px 50px 60px;\"><div class=\"fusion-text fusion-text-1\" style=\"text-align:left;\"><h3 style=\"text-align: left;\">Was ist Nanotechnologie<\/h3>\n<p style=\"text-align: left;\">Der Begriff &#8222;Nanotechnologie&#8220; bezieht sich auf verschiedene Anwendungen und Techniken, die im Bereich von 1 bis 100 Nanometern (nm) arbeiten. Ein Nanometer ist ein Milliardstel (10<sup>-9<\/sup>) eines Meters. Um es anders auszudr\u00fccken: Das Verh\u00e4ltnis eines Nanopartikels zu einer Orange ist das gleiche wie das der Orange zur Erde.<\/p>\n<\/div><div class=\"imageframe-align-center\"><span class=\" fusion-imageframe imageframe-none imageframe-1 hover-type-none\" style=\"margin-bottom:2%;\"><img width=\"1024\" height=\"282\" title=\"2022 &#8211; Nanoskin Vector Image &#8211; Diagonaal-01\" src=\"https:\/\/www.nanoskin.be\/wp-content\/uploads\/2022\/03\/2022-Nanoskin-Vector-Image-Diagonaal-01-1024x282.png\" class=\"img-responsive wp-image-3988\" srcset=\"https:\/\/www.nanoskin.be\/wp-content\/uploads\/2022\/03\/2022-Nanoskin-Vector-Image-Diagonaal-01-200x55.png 200w, https:\/\/www.nanoskin.be\/wp-content\/uploads\/2022\/03\/2022-Nanoskin-Vector-Image-Diagonaal-01-400x110.png 400w, https:\/\/www.nanoskin.be\/wp-content\/uploads\/2022\/03\/2022-Nanoskin-Vector-Image-Diagonaal-01-600x165.png 600w, https:\/\/www.nanoskin.be\/wp-content\/uploads\/2022\/03\/2022-Nanoskin-Vector-Image-Diagonaal-01-800x220.png 800w, https:\/\/www.nanoskin.be\/wp-content\/uploads\/2022\/03\/2022-Nanoskin-Vector-Image-Diagonaal-01-1200x330.png 1200w\" sizes=\"(max-width: 850px) 100vw, 800px\" \/><\/span><\/div><div class=\"fusion-text fusion-text-2\"><p style=\"text-align: left;\">Bei den heute auf dem Markt befindlichen Nanotechnologieprodukten handelt es sich haupts\u00e4chlich um Verbesserungen bestehender Produkte, bei denen w\u00e4hrend des gesamten Prozesses eine Form von Nanotechnologie zum Einsatz kommt. Dar\u00fcber hinaus werden bestehende Produkte st\u00e4ndig optimiert, indem immer kleinere Komponenten und leistungsf\u00e4higere Materialien entwickelt werden, und das alles zu geringeren Kosten.<\/p>\n<\/div><div class=\"fusion-clearfix\"><\/div><\/div><\/div><div class=\"fusion-layout-column fusion_builder_column fusion-builder-column-2 fusion_builder_column_1_3 1_3 fusion-one-third fusion-column-last\" style=\"width:33.333333333333%;width:calc(33.333333333333% - ( ( 4% ) * 0.33333333333333 ) );margin-top:0px;margin-bottom:20px;\"><div class=\"fusion-column-wrapper fusion-column-has-shadow fusion-flex-column-wrapper-legacy\" style=\"background-image: linear-gradient(0deg, #4cacd6 17%,#41a5d0 100%);background-position:left top;background-repeat:no-repeat;-webkit-background-size:cover;-moz-background-size:cover;-o-background-size:cover;background-size:cover;background-color:#ffffff;border-width: 1px 1px 1px 1px;border-color:#e2e2e2;border-style:solid;box-shadow:5px 5px 5px 0px #cecece;;padding: 60px 50px 60px 50px;\"><div class=\"fusion-text fusion-text-3\" style=\"text-align:left;\"><h3 style=\"text-align: left;\"><span style=\"color: #ffffff;\">Kostenloser Tester<\/span><\/h3>\n<\/div><div class=\"fusion-sep-clear\"><\/div><div class=\"fusion-separator fusion-full-width-sep\" style=\"margin-left: auto;margin-right: auto;margin-bottom:5px;width:100%;\"><\/div><div class=\"fusion-sep-clear\"><\/div><div class=\"fusion-text fusion-text-4\" style=\"text-align:left;color:#ffffff;\"><div class=\"page\" title=\"Page 1\">\n<div class=\"section\">\n<div class=\"layoutArea\">\n<div class=\"column\">\n<p>M\u00f6chten Sie als Projektentwickler, Hersteller oder Bauunternehmer ein hochwertiges Produkt innerhalb eines attraktiven Zeitrahmens und zu einem wettbewerbsf\u00e4higen Preis liefern?<\/p>\n<p>Dann fordern Sie hier einen kostenlosen Tester an, damit Sie die Vorteile unserer Produkte f\u00fcr sich und Ihre Kunden entdecken k\u00f6nnen.<\/p>\n<\/div>\n<\/div>\n<\/div>\n<\/div>\n<\/div><div class=\"fusion-alignleft\"><style type=\"text\/css\">.fusion-button.button-1 .fusion-button-text, .fusion-button.button-1 i {color:#4cacd6;}.fusion-button.button-1 .fusion-button-icon-divider{border-color:#4cacd6;}.fusion-button.button-1:hover .fusion-button-text, .fusion-button.button-1:hover i,.fusion-button.button-1:focus .fusion-button-text, .fusion-button.button-1:focus i,.fusion-button.button-1:active .fusion-button-text, .fusion-button.button-1:active{color:#ffffff;}.fusion-button.button-1:hover .fusion-button-icon-divider, .fusion-button.button-1:hover .fusion-button-icon-divider, .fusion-button.button-1:active .fusion-button-icon-divider{border-color:#ffffff;}.fusion-button.button-1:hover, .fusion-button.button-1:focus, .fusion-button.button-1:active{border-color:#ffffff;}.fusion-button.button-1 {border-color:#ffffff;border-radius:30px;}.fusion-button.button-1{background: #ffffff;}.fusion-button.button-1:hover,.button-1:focus,.fusion-button.button-1:active{background: #8cb23f;}<\/style><a class=\"fusion-button button-flat button-xlarge button-custom button-1 fusion-button-default-span \" target=\"_self\" href=\"\/de\/kontaktieren-sie-uns\/\" style=\"margin-top:10%;\"><span class=\"fusion-button-text\">Muster anfordern<\/span><\/a><\/div><div class=\"fusion-clearfix\"><\/div><\/div><\/div><\/div><\/div><div class=\"fusion-fullwidth fullwidth-box fusion-builder-row-3 nonhundred-percent-fullwidth non-hundred-percent-height-scrolling fusion-equal-height-columns\" style=\"background-color: rgba(255,255,255,0);background-position: center center;background-repeat: no-repeat;padding-top:50px;padding-right:0px;padding-bottom:0px;padding-left:0px;margin-bottom: 0px;margin-top: 0px;border-width: 0px 0px 0px 0px;border-color:#eae9e9;border-style:solid;\" ><div class=\"fusion-builder-row fusion-row\"><div class=\"fusion-layout-column fusion_builder_column fusion-builder-column-3 fusion_builder_column_1_1 1_1 fusion-one-full fusion-column-first fusion-column-last rounded-border\" style=\"margin-top:0px;margin-bottom:35px;\"><div class=\"fusion-column-wrapper fusion-column-has-shadow fusion-flex-column-wrapper-legacy\" style=\"background-position:left top;background-repeat:no-repeat;-webkit-background-size:cover;-moz-background-size:cover;-o-background-size:cover;background-size:cover;background-color:#ffffff;border-width: 1px 1px 1px 1px;border-color:#e2e2e2;border-style:solid;box-shadow:5px 5px 8px 0px #cecece;;padding: 60px 60px 50px 60px;\"><div class=\"fusion-text fusion-text-5\"><h3 style=\"text-align: left;\">Nanoversiegelung<\/h3>\n<p style=\"text-align: left;\">Nanoversiegelung beschreibt die Anwendung von Nanostrukturen auf Oberfl\u00e4chen. Zum Beispiel k\u00f6nnen diese Oberfl\u00e4chen nach der Behandlung extrem hydrophob werden. Das bedeutet, dass die Oberfl\u00e4chen behandelt und somit wasserabweisend werden. Dies erm\u00f6glicht eine einfachere Reinigung (easy-to-clean).<\/p>\n<\/div><div class=\"fusion-text fusion-text-6\"><p style=\"text-align: left;\">Derart behandelte Oberfl\u00e4chen sind chemisch stabil.<\/p>\n<p style=\"text-align: left;\">Nachdem das entsprechende Produkt auf das gereinigte Material aufgetragen wurde, werden die Nanopartikel in die gew\u00fcnschte Struktur umgeordnet. Metall, Glas, Textilien, Kunststoff, Holz und mineralische Oberfl\u00e4chen k\u00f6nnen behandelt werden. Verwenden Sie eine Nanoversiegelung zum Beispiel in Badezimmern, auf Gartenm\u00f6beln aus Holz oder als selbstreinigenden Fassadenschutz. Auf diese Weise sch\u00fctzen Sie diese Oberfl\u00e4chen vor Verschmutzung oder Verwitterung und sparen gleichzeitig Zeit und Geld f\u00fcr den Einsatz von Reinigungsmitteln.<\/p>\n<\/div><div class=\"fusion-sep-clear\"><\/div><div class=\"fusion-separator fusion-full-width-sep\" style=\"margin-left: auto;margin-right: auto;margin-top:15px;margin-bottom:0px;width:100%;\"><\/div><div class=\"fusion-sep-clear\"><\/div><span class=\" fusion-imageframe imageframe-none imageframe-2 hover-type-none pic-zoomout\" style=\"margin-right:25px;float:left;\"><img width=\"1024\" height=\"414\" title=\"nanotech-en\" src=\"https:\/\/www.nanoskin.be\/wp-content\/uploads\/2017\/07\/nanotech-en-1024x414.jpg\" class=\"img-responsive wp-image-3801\" srcset=\"https:\/\/www.nanoskin.be\/wp-content\/uploads\/2017\/07\/nanotech-en-200x81.jpg 200w, https:\/\/www.nanoskin.be\/wp-content\/uploads\/2017\/07\/nanotech-en-400x162.jpg 400w, https:\/\/www.nanoskin.be\/wp-content\/uploads\/2017\/07\/nanotech-en-600x243.jpg 600w, https:\/\/www.nanoskin.be\/wp-content\/uploads\/2017\/07\/nanotech-en-800x324.jpg 800w, https:\/\/www.nanoskin.be\/wp-content\/uploads\/2017\/07\/nanotech-en.jpg 1134w\" sizes=\"(max-width: 850px) 100vw, 1024px\" \/><\/span><div class=\"fusion-sep-clear\"><\/div><div class=\"fusion-separator fusion-full-width-sep\" style=\"margin-left: auto;margin-right: auto;margin-top:15px;margin-bottom:0px;width:100%;\"><\/div><div class=\"fusion-sep-clear\"><\/div><div class=\"fusion-clearfix\"><\/div><\/div><\/div><\/div><\/div><div class=\"fusion-fullwidth fullwidth-box fusion-builder-row-4 nonhundred-percent-fullwidth non-hundred-percent-height-scrolling\" style=\"background-color: rgba(255,255,255,0);background-image:linear-gradient(0deg, #e5e5e5 17%,rgba(255,255,255,0) 100%);background-position: left top;background-repeat: no-repeat;padding-top:50px;padding-right:0px;padding-bottom:0px;padding-left:0px;margin-bottom: 0px;margin-top: 0px;border-width: 0px 0px 0px 0px;border-color:#eae9e9;border-style:solid;\" ><div class=\"fusion-builder-row fusion-row\"><div class=\"fusion-layout-column fusion_builder_column fusion-builder-column-4 fusion_builder_column_1_1 1_1 fusion-one-full fusion-column-first fusion-column-last rounded-border\" style=\"margin-top:0px;margin-bottom:35px;\"><div class=\"fusion-column-wrapper fusion-column-has-shadow fusion-flex-column-wrapper-legacy\" style=\"background-image: linear-gradient(0deg, #4cacd6 17%,#41a5d0 100%);background-position:left top;background-repeat:no-repeat;-webkit-background-size:cover;-moz-background-size:cover;-o-background-size:cover;background-size:cover;background-color:#ffffff;box-shadow:5px 5px 5px 0px #cecece;;padding: 60px 60px 50px 60px;\"><div class=\"fusion-text fusion-text-7\" style=\"color:#ffffff;\"><h3 style=\"text-align: left;\"><span style=\"color: #ffffff;\">\u00d6kologisch<\/span><\/h3>\n<p style=\"text-align: left;\">Nanoskin ist bestrebt, alle seine Produkte nicht nur auf verantwortungsvolle Weise herzustellen, sondern die Produkte selbst umweltfreundlich zu gestalten. Unsere Nanoversiegelungen bestehen haupts\u00e4chlich aus Siliziumdioxid (SiO<sub>2<\/sub>). Die Rohstoffe f\u00fcr SiO<sub>2<\/sub> kommen in gro\u00dfen Mengen in der Natur vor und sind umweltfreundlich. Die meisten unserer Produkte enthalten nicht einmal fl\u00fcchtige organische Verbindungen (FOV) und sind lebensmittelecht. Der geringere Bedarf an Reinigungsmitteln oder anderen chemischen Produkten tr\u00e4gt ebenfalls dazu bei.<\/p>\n<\/div><div class=\"fusion-sep-clear\"><\/div><div class=\"fusion-separator fusion-full-width-sep\" style=\"margin-left: auto;margin-right: auto;margin-top:15px;margin-bottom:0px;width:100%;\"><\/div><div class=\"fusion-sep-clear\"><\/div><div class=\"fusion-clearfix\"><\/div><\/div><\/div><\/div><\/div><div class=\"fusion-fullwidth fullwidth-box fusion-builder-row-5 fusion-parallax-none nonhundred-percent-fullwidth non-hundred-percent-height-scrolling\" style=\"background-color: rgba(255,255,255,0);background-image: url(&quot;https:\/\/www.nanoskin.be\/wp-content\/uploads\/2015\/02\/background-homepage.jpg&quot;);background-position: center center;background-repeat: no-repeat;padding-top:150px;padding-right:0px;padding-bottom:160px;padding-left:0px;margin-bottom: 0px;margin-top: 0px;border-width: 0px 0px 0px 0px;border-color:#eae9e9;border-style:solid;-webkit-background-size:cover;-moz-background-size:cover;-o-background-size:cover;background-size:cover;\" ><div class=\"fusion-builder-row fusion-row\"><div class=\"fusion-layout-column fusion_builder_column fusion-builder-column-5 fusion_builder_column_1_1 1_1 fusion-one-full fusion-column-first fusion-column-last fusion-column-no-min-height\" style=\"margin-top:0px;margin-bottom:0px;\"><div class=\"fusion-column-wrapper fusion-flex-column-wrapper-legacy\" style=\"background-position:left top;background-repeat:no-repeat;-webkit-background-size:cover;-moz-background-size:cover;-o-background-size:cover;background-size:cover;padding: 0px 0px 0px 0px;\"><div class=\"fusion-text fusion-text-8\"><h2 style=\"text-align: center;\"><span style=\"color: #ffffff;\">Wir freuen uns auf eine Zusammenarbeit mit Ihnen!<\/span><\/h2>\n<\/div><div class=\"fusion-sep-clear\"><\/div><div class=\"fusion-separator\" style=\"margin-left: auto;margin-right: auto;margin-top:10px;margin-bottom:30px;width:100%;max-width:170px;\"><div class=\"fusion-separator-border sep-single sep-solid\" style=\"border-color:#01ace4;border-top-width:1px;\"><\/div><\/div><div class=\"fusion-sep-clear\"><\/div><div class=\"fusion-clearfix\"><\/div><\/div><\/div><div class=\"fusion-layout-column fusion_builder_column fusion-builder-column-6 fusion_builder_column_1_6 1_6 fusion-one-sixth fusion-column-first\" style=\"width:13.3333%; margin-right: 4%;margin-top:0px;margin-bottom:20px;\"><div class=\"fusion-column-wrapper fusion-flex-column-wrapper-legacy\" style=\"background-position:left top;background-repeat:no-repeat;-webkit-background-size:cover;-moz-background-size:cover;-o-background-size:cover;background-size:cover;padding: 0px 0px 0px 0px;\"><div class=\"fusion-clearfix\"><\/div><\/div><\/div><div class=\"fusion-layout-column fusion_builder_column fusion-builder-column-7 fusion_builder_column_2_3 2_3 fusion-two-third\" style=\"width:65.3333%; margin-right: 4%;margin-top:0px;margin-bottom:20px;\"><div class=\"fusion-column-wrapper fusion-flex-column-wrapper-legacy\" style=\"background-position:left top;background-repeat:no-repeat;-webkit-background-size:cover;-moz-background-size:cover;-o-background-size:cover;background-size:cover;padding: 0px 0px 0px 0px;\"><div class=\"fusion-text fusion-text-9\"><h3 style=\"text-align: center; color: #ffffff; font-weight: 400;\">Kontaktieren Sie uns und finden Sie heraus, wie wir Ihrem Unternehmen helfen k\u00f6nnen.<\/h3>\n<\/div><div class=\"fusion-clearfix\"><\/div><\/div><\/div><div class=\"fusion-layout-column fusion_builder_column fusion-builder-column-8 fusion_builder_column_1_6 1_6 fusion-one-sixth fusion-column-last\" style=\"width:13.3333%;margin-top:0px;margin-bottom:20px;\"><div class=\"fusion-column-wrapper fusion-flex-column-wrapper-legacy\" style=\"background-position:left top;background-repeat:no-repeat;-webkit-background-size:cover;-moz-background-size:cover;-o-background-size:cover;background-size:cover;padding: 0px 0px 0px 0px;\"><div class=\"fusion-clearfix\"><\/div><\/div><\/div><div class=\"fusion-layout-column fusion_builder_column fusion-builder-column-9 fusion_builder_column_1_1 1_1 fusion-one-full fusion-column-first fusion-column-last fusion-column-no-min-height\" style=\"margin-top:0px;margin-bottom:0px;\"><div class=\"fusion-column-wrapper fusion-flex-column-wrapper-legacy\" style=\"background-position:left top;background-repeat:no-repeat;-webkit-background-size:cover;-moz-background-size:cover;-o-background-size:cover;background-size:cover;padding: 0px 0px 0px 0px;\"><div class=\"fusion-sep-clear\"><\/div><div class=\"fusion-separator\" style=\"margin-left: auto;margin-right: auto;margin-top:30px;width:100%;max-width:170px;\"><\/div><div class=\"fusion-sep-clear\"><\/div><div class=\"fusion-aligncenter\"><style type=\"text\/css\">.fusion-button.button-2 .fusion-button-text, .fusion-button.button-2 i {color:#ffffff;}.fusion-button.button-2 .fusion-button-icon-divider{border-color:#ffffff;}.fusion-button.button-2:hover .fusion-button-text, .fusion-button.button-2:hover i,.fusion-button.button-2:focus .fusion-button-text, .fusion-button.button-2:focus i,.fusion-button.button-2:active .fusion-button-text, .fusion-button.button-2:active{color:#ffffff;}.fusion-button.button-2:hover .fusion-button-icon-divider, .fusion-button.button-2:hover .fusion-button-icon-divider, .fusion-button.button-2:active .fusion-button-icon-divider{border-color:#ffffff;}.fusion-button.button-2:hover, .fusion-button.button-2:focus, .fusion-button.button-2:active{border-color:#ffffff;border-width:0px;}.fusion-button.button-2 {border-color:#ffffff;border-width:0px;border-radius:30px;}.fusion-button.button-2{background: #01ace4;}.fusion-button.button-2:hover,.button-2:focus,.fusion-button.button-2:active{background: #68b53c;}<\/style><a class=\"fusion-button button-flat button-large button-custom button-2 fusion-button-default-span \" target=\"_self\" href=\"\/de\/kontaktieren-sie-uns\/\"><span class=\"fusion-button-text\">Kontaktieren Sie uns<\/span><\/a><\/div><div class=\"fusion-clearfix\"><\/div><\/div><\/div><\/div><\/div><\/p>\n","protected":false},"excerpt":{"rendered":"","protected":false},"author":4,"featured_media":0,"parent":0,"menu_order":0,"comment_status":"closed","ping_status":"closed","template":"100-width.php","meta":[],"_links":{"self":[{"href":"https:\/\/www.nanoskin.be\/de\/wp-json\/wp\/v2\/pages\/4008"}],"collection":[{"href":"https:\/\/www.nanoskin.be\/de\/wp-json\/wp\/v2\/pages"}],"about":[{"href":"https:\/\/www.nanoskin.be\/de\/wp-json\/wp\/v2\/types\/page"}],"author":[{"embeddable":true,"href":"https:\/\/www.nanoskin.be\/de\/wp-json\/wp\/v2\/users\/4"}],"replies":[{"embeddable":true,"href":"https:\/\/www.nanoskin.be\/de\/wp-json\/wp\/v2\/comments?post=4008"}],"version-history":[{"count":5,"href":"https:\/\/www.nanoskin.be\/de\/wp-json\/wp\/v2\/pages\/4008\/revisions"}],"predecessor-version":[{"id":4379,"href":"https:\/\/www.nanoskin.be\/de\/wp-json\/wp\/v2\/pages\/4008\/revisions\/4379"}],"wp:attachment":[{"href":"https:\/\/www.nanoskin.be\/de\/wp-json\/wp\/v2\/media?parent=4008"}],"curies":[{"name":"wp","href":"https:\/\/api.w.org\/{rel}","templated":true}]}}