{"id":4062,"date":"2023-02-09T13:42:22","date_gmt":"2023-02-09T12:42:22","guid":{"rendered":"https:\/\/www.nanoskin.be\/?page_id=4062"},"modified":"2024-10-01T10:59:47","modified_gmt":"2024-10-01T08:59:47","slug":"anti-graffiti-porous","status":"publish","type":"page","link":"https:\/\/www.nanoskin.be\/de\/unsere-produkte\/anti-graffiti-porous\/","title":{"rendered":"Anti-Graffiti Porous"},"content":{"rendered":"<p><div class=\"fusion-fullwidth fullwidth-box fusion-builder-row-1 hundred-percent-fullwidth non-hundred-percent-height-scrolling\" style=\"background-color: rgba(255,255,255,0);background-position: center center;background-repeat: no-repeat;padding-top:0px;padding-right:0px;padding-bottom:0px;padding-left:0px;margin-bottom: 0px;margin-top: 0px;border-width: 0px 0px 0px 0px;border-color:#eae9e9;border-style:solid;\" ><div class=\"fusion-builder-row fusion-row\"><div class=\"fusion-layout-column fusion_builder_column fusion-builder-column-0 fusion_builder_column_1_1 1_1 fusion-one-full fusion-column-first fusion-column-last\" style=\"margin-top:0px;margin-bottom:20px;\"><div class=\"fusion-column-wrapper fusion-flex-column-wrapper-legacy\" style=\"background-position:left top;background-repeat:no-repeat;-webkit-background-size:cover;-moz-background-size:cover;-o-background-size:cover;background-size:cover;padding: 0px 0px 0px 0px;\">\t\t\t\t\t<div class=\"fusion-slider-container fusion-slider-sc-anti-graffiti-stone fusion-slider-93 full-width-slider\" data-id=\"93\" data-full_height=\"\" style=\"height:250px; max-width:100%;\">\n\t\t\t\t\t\t<style type=\"text\/css\">.fusion-slider-93 .flex-direction-nav a {width:63px;height:63px;line-height:63px;font-size:25px;}<\/style>\t\t\t\t\t\t<div class=\"fusion-slider-loading\">Loading...<\/div>\n\t\t\t\t\t\t<div class=\"tfs-slider flexslider main-flex full-width-slider\" data-slider_width=\"100%\" data-slider_height=\"250px\" data-full_screen=\"0\" data-parallax=\"0\" data-nav_arrows=\"0\" data-nav_arrow_size=\"25px\" data-nav_box_width=\"63px\" data-nav_box_height=\"63px\" data-slideshow_speed=\"7000\" data-loop=\"0\" data-autoplay=\"0\" data-orderby=\"date\" data-order=\"DESC\" data-animation=\"fade\" data-animation_speed=\"600\" data-typo_sensitivity=\"1\" data-typo_factor=\"1.5\" style=\"max-width:100%;\">\n\t\t\t\t\t\t\t<ul class=\"slides\">\n\t\t\t\t\t\t\t\t\t\t\t\t\t\t\t\t\t<li data-mute=\"yes\" data-loop=\"yes\" data-autoplay=\"yes\">\n\t\t\t\t\t\t\t\t\t\t<div class=\"slide-content-container slide-content-center\" style=\"display: none;\">\n\t\t\t\t\t\t\t\t\t\t\t<div class=\"slide-content\" style=\"\">\n\t\t\t\t\t\t\t\t\t\t\t\t\t\t\t\t\t\t\t\t\t\t\t\t\t<div class=\"heading \">\n\t\t\t\t\t\t\t\t\t\t\t\t\t\t<div class=\"fusion-title-sc-wrapper\" style=\"\">\n\t\t\t\t\t\t\t\t\t\t\t\t\t\t\t<style type=\"text\/css\"><\/style><div class=\"fusion-title title fusion-title-1 fusion-sep-none fusion-title-center fusion-title-text fusion-title-size-two\" style=\"margin-top:0px;margin-right:0px;margin-bottom:0px;margin-left:0px;\"><h2 class=\"title-heading-center fusion-responsive-typography-calculated\" style=\"margin:0;color:#ffffff;font-size:36px;line-height:43.2px;--fontSize:28;line-height:1.21;\"><h1 style=\"color:#fff;\">Anti-Graffiti Porous<\/h1>\r\n<div class=\"fusion-sep-clear\"><\/div><div class=\"fusion-separator\" style=\"margin-left: auto;margin-right: auto;margin-top:20px;margin-bottom:10px;width:100%;max-width:170px;\"><div class=\"fusion-separator-border sep-single sep-solid\" style=\"border-color:rgb(1, 172, 228);border-top-width:1px;\"><\/div><\/div><div class=\"fusion-sep-clear\"><\/div><\/h2><\/div>\t\t\t\t\t\t\t\t\t\t\t\t\t\t<\/div>\n\t\t\t\t\t\t\t\t\t\t\t\t\t<\/div>\n\t\t\t\t\t\t\t\t\t\t\t\t\t\t\t\t\t\t\t\t\t\t\t\t\t\t\t\t\t\t\t\t\t\t\t\t\t\t\t\t\t\t\t\t\t\t\t\t\t<div class=\"buttons\" >\n\t\t\t\t\t\t\t\t\t\t\t\t\t\t\t\t\t\t\t\t\t\t\t\t\t\t\t\t\t\t\t\t\t\t\t\t\t\t\t\t\t<\/div>\n\t\t\t\t\t\t\t\t\t\t\t\t\t\t\t\t\t\t\t\t\t\t\t<\/div>\n\t\t\t\t\t\t\t\t\t\t<\/div>\n\t\t\t\t\t\t\t\t\t\t\t\t\t\t\t\t\t\t\t\t\t\t\t\t\t\t\t\t\t\t\t\t\t\t\t\t\t\t\t\t<div class=\"background background-image\" style=\"background-image: url(https:\/\/www.nanoskin.be\/wp-content\/uploads\/2017\/07\/anti-graffiti-stone.jpg);max-width:100%;height:250px;filter: progid:DXImageTransform.Microsoft.AlphaImageLoader(src='https:\/\/www.nanoskin.be\/wp-content\/uploads\/2017\/07\/anti-graffiti-stone.jpg', sizingMethod='scale');\" data-imgwidth=\"1920\">\n\t\t\t\t\t\t\t\t\t\t\t\t\t\t\t\t\t\t\t\t\t\t\t\t\t\t\t\t\t\t\t\t\t\t\t\t\t\t\t\t\t\t\t\t\t\t\t\t\t\t\t\t\t\t\t\t\t\t\t\t\t\t\t\t\t\t<\/div>\n\t\t\t\t\t\t\t\t\t<\/li>\n\t\t\t\t\t\t\t\t\t\t\t\t\t\t\t\t\t\t\t\t\t\t\t<\/ul>\n\t\t\t\t\t\t<\/div>\n\t\t\t\t\t<\/div>\n\t\t\t\t\t\t\t\t<div class=\"fusion-clearfix\"><\/div><\/div><\/div><\/div><\/div><div class=\"fusion-fullwidth fullwidth-box fusion-builder-row-2 nonhundred-percent-fullwidth non-hundred-percent-height-scrolling fusion-equal-height-columns\" style=\"background-color: rgba(255,255,255,0);background-position: left top;background-repeat: no-repeat;padding-top:50px;padding-right:0px;padding-bottom:0px;padding-left:0px;margin-bottom: 0px;margin-top: 0px;border-width: 0px 0px 0px 0px;border-color:#eae9e9;border-style:solid;\" ><div class=\"fusion-builder-row fusion-row\"><div class=\"fusion-layout-column fusion_builder_column fusion-builder-column-1 fusion_builder_column_2_3 2_3 fusion-two-third fusion-column-first green-border rounded-border\" style=\"width:66.666666666667%;width:calc(66.666666666667% - ( ( 1% ) * 0.66666666666667 ) );margin-right: 1%;margin-top:0px;margin-bottom:20px;\"><div class=\"fusion-column-wrapper fusion-flex-column-wrapper-legacy\" style=\"background-position:left top;background-repeat:no-repeat;-webkit-background-size:cover;-moz-background-size:cover;-o-background-size:cover;background-size:cover;background-color:#ffffff;border-width: 1px 1px 1px 1px;border-color:#e2e2e2;border-style:solid;padding: 60px 60px 50px 60px;\"><div class=\"fusion-text fusion-text-1\"><h3 class=\"fusion-responsive-typography-calculated\" style=\"text-align: left;\" data-fontsize=\"18\" data-lineheight=\"30.06px\">Nanoskin Anti-Graffiti Porous<\/h3>\n<p style=\"text-align: left;\">Nanoskin Anti-Graffiti Porous (AGP) ist eine auf Nanotechnologie basierende Versiegelung, die speziell f\u00fcr den Schutz por\u00f6ser Oberfl\u00e4chen vor Graffiti entwickelt wurde. Mit dieser langlebigen, hochwertigen Ein-Schicht-Versiegelung lassen sich alle Arten von mineralischen Oberfl\u00e4chen, Denkm\u00e4lern und Infrastrukturen leicht vor Graffiti sch\u00fctzen.<\/p>\n<\/div><style type=\"text\/css\">.fusion-accordian  #accordion-4097-1 .panel-title a .fa-fusion-box{ color: #ffffff;}.fusion-accordian  #accordion-4097-1 .panel-title a .fa-fusion-box:before{ font-size: 16px; width: 16px;}.fusion-accordian  #accordion-4097-1 .panel-title a{font-size:14px;}.fusion-accordian  #accordion-4097-1 .fa-fusion-box { background-color: #333333;border-color: #333333;}.fusion-accordian  #accordion-4097-1 .panel-title a:hover, #accordion-4097-1 .fusion-toggle-boxed-mode:hover .panel-title a { color: #01ace4;}.fusion-accordian  #accordion-4097-1 .panel-title .active .fa-fusion-box,.fusion-accordian  #accordion-4097-1 .panel-title a:hover .fa-fusion-box { background-color: #01ace4!important;border-color: #01ace4!important;}<\/style><div class=\"accordian fusion-accordian\"><div class=\"panel-group\" id=\"accordion-4097-1\"><div class=\"fusion-panel panel-default fusion-toggle-no-divider\"><div class=\"panel-heading\"><h4 class=\"panel-title toggle\"><a aria-expanded=\"false\" aria-controls=\"895f0df4b1f5ff6b3\" role=\"button\" data-toggle=\"collapse\" data-parent=\"#accordion-4097-1\" data-target=\"#895f0df4b1f5ff6b3\" href=\"#895f0df4b1f5ff6b3\"><span class=\"fusion-toggle-icon-wrapper\" aria-hidden=\"true\"><i class=\"fa-fusion-box\" aria-hidden=\"true\"><\/i><\/span><span class=\"fusion-toggle-heading\">Mehr lesen<\/span><\/a><\/h4><\/div><div id=\"895f0df4b1f5ff6b3\" class=\"panel-collapse collapse \"><div class=\"panel-body toggle-content fusion-clearfix\">\n<p>Nanoskin AGP erm\u00f6glicht die einfache und schnelle Entfernung von Graffiti, ohne die behandelte Oberfl\u00e4che zu besch\u00e4digen. Damit geh\u00f6ren teure Neuanstriche, Reparaturen und arbeitsintensive Reinigungsverfahren der Vergangenheit an. Nanoskin AGP bildet eine matte Schicht zwischen dem Graffiti und der Oberfl\u00e4che, auf die es aufgetragen wird, und schafft so eine neue, leicht zu reinigende Oberfl\u00e4che. Die Versiegelung verhindert das Anhaften von Graffiti und erm\u00f6glicht eine einfache Entfernung mit einem Hochdruckreiniger, ohne den Untergrund zu besch\u00e4digen. Die Versiegelung ist abriebfest und vergilbt nicht mit der Zeit. Nanoskin AGP ist sehr widerstandsf\u00e4hig gegen die meisten Arten von Spr\u00fchfarben und Permanentmarkern. Im Gegensatz zu anderen Anti-Graffiti-Versiegelungen, die nach ein paar Reinigungen neu aufgetragen werden m\u00fcssen, kann die Oberfl\u00e4che mit Nanoskin AGP mehrmals gereinigt werden, ohne dass die Versiegelung erneut aufgetragen werden muss.<\/p>\n<\/div><\/div><\/div><\/div><\/div><div class=\"fusion-text fusion-text-2\"><h3 style=\"text-align: left;\">So funktioniert Nanoskin<\/h3>\n<\/div><div class=\"fusion-video fusion-youtube\" style=\"max-width:600px;max-height:360px;\"><div class=\"video-shortcode\"><iframe title=\"YouTube video player 1\" src=\"https:\/\/www.youtube.com\/embed\/ZGjG6-iWUws?wmode=transparent&autoplay=0\" width=\"600\" height=\"360\" allowfullscreen allow=\"autoplay; fullscreen\"><\/iframe><\/div><\/div><div class=\"fusion-clearfix\"><\/div><\/div><\/div><div class=\"fusion-layout-column fusion_builder_column fusion-builder-column-2 fusion_builder_column_1_3 1_3 fusion-one-third fusion-column-last\" style=\"width:33.333333333333%;width:calc(33.333333333333% - ( ( 1% ) * 0.33333333333333 ) );margin-top:0px;margin-bottom:0px;\"><div class=\"fusion-column-wrapper fusion-flex-column-wrapper-legacy\" style=\"background-position:left top;background-repeat:no-repeat;-webkit-background-size:cover;-moz-background-size:cover;-o-background-size:cover;background-size:cover;background-color:#41a5d0;padding: 0px 0px 0px 0px;\"><div class=\"fusion-tabs fusion-tabs-1 classic horizontal-tabs icon-position-left\"><style type=\"text\/css\">.fusion-tabs.fusion-tabs-1 .nav-tabs li a.tab-link{border-top-color:#ffffff;background-color:#ffffff;}.fusion-tabs.fusion-tabs-1 .nav-tabs{background-color:#41a5d0;}.fusion-tabs.fusion-tabs-1 .nav-tabs li.active a.tab-link,.fusion-tabs.fusion-tabs-1 .nav-tabs li.active a.tab-link:hover,.fusion-tabs.fusion-tabs-1 .nav-tabs li.active a.tab-link:focus{border-right-color:#41a5d0;}.fusion-tabs.fusion-tabs-1 .nav-tabs li.active a.tab-link,.fusion-tabs.fusion-tabs-1 .nav-tabs li.active a.tab-link:hover,.fusion-tabs.fusion-tabs-1 .nav-tabs li.active a.tab-link:focus{background-color:#41a5d0;}.fusion-tabs.fusion-tabs-1 .nav-tabs li a:hover{background-color:#41a5d0;border-top-color:#41a5d0;}.fusion-tabs.fusion-tabs-1 .tab-pane{background-color:#41a5d0;}.fusion-tabs.fusion-tabs-1 .nav,.fusion-tabs.fusion-tabs-1 .nav-tabs,.fusion-tabs.fusion-tabs-1 .tab-content .tab-pane{border-color:#41a5d0;}<\/style><div class=\"nav\"><ul class=\"nav-tabs nav-justified\" role=\"tablist\"><li class=\"active\"><a class=\"tab-link\" data-toggle=\"tab\" role=\"tab\" aria-controls=\"tab-ba33a2a630b16e0bb36\" aria-selected=\"true\" id=\"fusion-tab-eigenschaften\" href=\"#tab-ba33a2a630b16e0bb36\"><h4 class=\"fusion-tab-heading\">Eigenschaften<\/h4><\/a><\/li><li><a class=\"tab-link\" data-toggle=\"tab\" role=\"tab\" aria-controls=\"tab-645d83603c6ef02ea2b\" aria-selected=\"false\" tabindex=\"-1\" id=\"fusion-tab-anwendungen\" href=\"#tab-645d83603c6ef02ea2b\"><h4 class=\"fusion-tab-heading\">Anwendungen<\/h4><\/a><\/li><\/ul><\/div><div class=\"tab-content\"><div class=\"nav fusion-mobile-tab-nav\"><ul class=\"nav-tabs nav-justified\"><li class=\"active\"><a class=\"tab-link\" data-toggle=\"tab\" role=\"tab\" aria-controls=\"tab-ba33a2a630b16e0bb36\" aria-selected=\"true\" id=\"mobile-fusion-tab-eigenschaften\" href=\"#tab-ba33a2a630b16e0bb36\"><h4 class=\"fusion-tab-heading\">Eigenschaften<\/h4><\/a><\/li><\/ul><\/div><div class=\"tab-pane fade fusion-clearfix in active\" role=\"tabpanel\" tabindex=\"0\" aria-labelledby=\"fusion-tab-eigenschaften\" id=\"tab-ba33a2a630b16e0bb36\">\n<h3 style=\"text-align: left;\"><span style=\"color: #ffffff;\">Eigenschaften und Vorteile<\/span><\/h3>\n<p><span style=\"color: #ffffff;\">\u2022 Mattes Aussehen (&#8218;Wet Look&#8216;)<br \/>\n\u2022 Eine einzige Schicht<br \/>\n\u2022 Permanent (Graffiti kann mehrmals entfernt werden)<br \/>\n\u2022 Hohe Best\u00e4ndigkeit<br \/>\n\u2022 \u00c4u\u00dferst hydrophob und pflegeleicht<br \/>\n\u2022 Aush\u00e4rtung bei Raumtemperatur<br \/>\n\u2022 Fluorfrei<br \/>\n\u2022 Versiegelnd &#8211; nicht dampfdurchl\u00e4ssig<br \/>\n\u2022 Hohe UV- und Chemikalienbest\u00e4ndigkeit<br \/>\n\u2022 Best\u00e4ndig gegen hohe Temperaturen<br \/>\n<\/span><\/div><div class=\"nav fusion-mobile-tab-nav\"><ul class=\"nav-tabs nav-justified\"><li><a class=\"tab-link\" data-toggle=\"tab\" role=\"tab\" aria-controls=\"tab-645d83603c6ef02ea2b\" aria-selected=\"false\" tabindex=\"-1\" id=\"mobile-fusion-tab-anwendungen\" href=\"#tab-645d83603c6ef02ea2b\"><h4 class=\"fusion-tab-heading\">Anwendungen<\/h4><\/a><\/li><\/ul><\/div><div class=\"tab-pane fade fusion-clearfix\" role=\"tabpanel\" tabindex=\"0\" aria-labelledby=\"fusion-tab-anwendungen\" id=\"tab-645d83603c6ef02ea2b\">\n<h3 style=\"text-align: left; color: #ffffff;\">Anwendungen<\/h3>\n<p style=\"text-align: left; color: #ffffff;\">Nanoskin AGP ist ideal f\u00fcr den Schutz von por\u00f6sen Oberfl\u00e4chen jeglicher Art. Es ist vor allem f\u00fcr mineralische Oberfl\u00e4chen wie Ziegel, Beton, Faserzement und Naturstein geeignet, wirkt aber auch auf Holz und Putz.<\/p>\n<\/div><\/div><\/div><div class=\"fusion-clearfix\"><\/div><\/div><\/div><div class=\"fusion-layout-column fusion_builder_column fusion-builder-column-3 fusion_builder_column_1_1 1_1 fusion-one-full fusion-column-first fusion-column-last\" style=\"margin-top:0px;margin-bottom:0px;\"><div class=\"fusion-column-wrapper fusion-flex-column-wrapper-legacy\" style=\"background-position:left top;background-repeat:no-repeat;-webkit-background-size:cover;-moz-background-size:cover;-o-background-size:cover;background-size:cover;padding: 0px 0px 0px 0px;\"><div class=\"fusion-aligncenter\"><style type=\"text\/css\">.fusion-button.button-1 .fusion-button-text, .fusion-button.button-1 i {color:#ffffff;}.fusion-button.button-1 .fusion-button-icon-divider{border-color:#ffffff;}.fusion-button.button-1:hover .fusion-button-text, .fusion-button.button-1:hover i,.fusion-button.button-1:focus .fusion-button-text, .fusion-button.button-1:focus i,.fusion-button.button-1:active .fusion-button-text, .fusion-button.button-1:active{color:#ffffff;}.fusion-button.button-1:hover .fusion-button-icon-divider, .fusion-button.button-1:hover .fusion-button-icon-divider, .fusion-button.button-1:active .fusion-button-icon-divider{border-color:#ffffff;}.fusion-button.button-1:hover, .fusion-button.button-1:focus, .fusion-button.button-1:active{border-color:#ffffff;}.fusion-button.button-1 {border-color:#ffffff;border-radius:30px;}.fusion-button.button-1{background: #01ace4;}.fusion-button.button-1:hover,.button-1:focus,.fusion-button.button-1:active{background: #8cb23f;}<\/style><a class=\"fusion-button button-flat button-xlarge button-custom button-1 fusion-button-default-span \" target=\"_self\" href=\"https:\/\/www.nanoskin.be\/de\/unsere-produkte\/\" style=\"margin-top:2%;margin-bottom:2%;\"><i class=\"fa-arrow-left fas button-icon-left\" aria-hidden=\"true\"><\/i><span class=\"fusion-button-text\">Unsere Produkte<\/span><\/a><\/div><div class=\"fusion-clearfix\"><\/div><\/div><\/div><\/div><\/div><div class=\"fusion-bg-parallax\" data-bg-align=\"left center\" data-direction=\"up\" data-mute=\"false\" data-opacity=\"100\" data-velocity=\"-0.4\" data-mobile-enabled=\"false\" data-break_parents=\"0\" data-bg-image=\"https:\/\/www.nanoskin.be\/wp-content\/uploads\/2015\/02\/background-homepage.jpg\" data-bg-repeat=\"false\" ><\/div><div class=\"fusion-fullwidth fullwidth-box fusion-builder-row-3 fusion-parallax-up nonhundred-percent-fullwidth non-hundred-percent-height-scrolling\" style=\"background-color: rgba(255,255,255,0);background-image: url(&quot;https:\/\/www.nanoskin.be\/wp-content\/uploads\/2015\/02\/background-homepage.jpg&quot;);background-position: left center;background-repeat: no-repeat;padding-top:110px;padding-right:0px;padding-bottom:85px;padding-left:0px;margin-bottom: 0px;margin-top: 0px;border-width: 0px 0px 0px 0px;border-color:#eae9e9;border-style:solid;-webkit-background-size:cover;-moz-background-size:cover;-o-background-size:cover;background-size:cover;\" ><div class=\"fusion-builder-row fusion-row\"><div class=\"fusion-layout-column fusion_builder_column fusion-builder-column-4 fusion_builder_column_1_1 1_1 fusion-one-full fusion-column-first fusion-column-last\" style=\"margin-top:0px;margin-bottom:20px;\"><div class=\"fusion-column-wrapper fusion-flex-column-wrapper-legacy\" style=\"background-position:left top;background-repeat:no-repeat;-webkit-background-size:cover;-moz-background-size:cover;-o-background-size:cover;background-size:cover;padding: 0px 0px 0px 0px;\"><div class=\"fusion-text fusion-text-3\"><h3 style=\"text-align: center;\"><span style=\"color: #ffffff;\">Interesse? Kontaktieren Sie uns f\u00fcr ein ma\u00dfgeschneidertes Angebot.<\/span><\/h3>\n<p style=\"text-align: center;\"><span style=\"color: #ffffff;\">Rufen Sie uns an unter +32 52 80 08 07 oder senden Sie eine E-Mail an <a href=\"mailto:info@nanoskin.be\">info@nanoskin.be<\/a>.<\/span><\/p>\n<\/div><div class=\"fusion-sep-clear\"><\/div><div class=\"fusion-separator fusion-full-width-sep\" style=\"margin-left: auto;margin-right: auto;margin-top:40px;width:100%;\"><\/div><div class=\"fusion-sep-clear\"><\/div><div class=\"fusion-aligncenter\"><style type=\"text\/css\">.fusion-button.button-2 .fusion-button-text, .fusion-button.button-2 i {color:#ffffff;}.fusion-button.button-2 .fusion-button-icon-divider{border-color:#ffffff;}.fusion-button.button-2:hover .fusion-button-text, .fusion-button.button-2:hover i,.fusion-button.button-2:focus .fusion-button-text, .fusion-button.button-2:focus i,.fusion-button.button-2:active .fusion-button-text, .fusion-button.button-2:active{color:#ffffff;}.fusion-button.button-2:hover .fusion-button-icon-divider, .fusion-button.button-2:hover .fusion-button-icon-divider, .fusion-button.button-2:active .fusion-button-icon-divider{border-color:#ffffff;}.fusion-button.button-2:hover, .fusion-button.button-2:focus, .fusion-button.button-2:active{border-color:#ffffff;}.fusion-button.button-2 {border-color:#ffffff;border-radius:30px;}.fusion-button.button-2{background: #01ace4;}.fusion-button.button-2:hover,.button-2:focus,.fusion-button.button-2:active{background: #8cb23f;}<\/style><a class=\"fusion-button button-flat button-xlarge button-custom button-2 fusion-button-default-span \" target=\"_self\" href=\"https:\/\/www.nanoskin.be\/de\/kontaktieren-sie-uns\/\" style=\"margin-bottom:5%;\"><span class=\"fusion-button-text\">Kontaktieren Sie uns<\/span><\/a><\/div><div class=\"fusion-clearfix\"><\/div><\/div><\/div><\/div><\/div><\/p>\n","protected":false},"excerpt":{"rendered":"","protected":false},"author":4,"featured_media":0,"parent":4012,"menu_order":0,"comment_status":"closed","ping_status":"closed","template":"100-width.php","meta":[],"_links":{"self":[{"href":"https:\/\/www.nanoskin.be\/de\/wp-json\/wp\/v2\/pages\/4062"}],"collection":[{"href":"https:\/\/www.nanoskin.be\/de\/wp-json\/wp\/v2\/pages"}],"about":[{"href":"https:\/\/www.nanoskin.be\/de\/wp-json\/wp\/v2\/types\/page"}],"author":[{"embeddable":true,"href":"https:\/\/www.nanoskin.be\/de\/wp-json\/wp\/v2\/users\/4"}],"replies":[{"embeddable":true,"href":"https:\/\/www.nanoskin.be\/de\/wp-json\/wp\/v2\/comments?post=4062"}],"version-history":[{"count":5,"href":"https:\/\/www.nanoskin.be\/de\/wp-json\/wp\/v2\/pages\/4062\/revisions"}],"predecessor-version":[{"id":4413,"href":"https:\/\/www.nanoskin.be\/de\/wp-json\/wp\/v2\/pages\/4062\/revisions\/4413"}],"up":[{"embeddable":true,"href":"https:\/\/www.nanoskin.be\/de\/wp-json\/wp\/v2\/pages\/4012"}],"wp:attachment":[{"href":"https:\/\/www.nanoskin.be\/de\/wp-json\/wp\/v2\/media?parent=4062"}],"curies":[{"name":"wp","href":"https:\/\/api.w.org\/{rel}","templated":true}]}}