{"id":4068,"date":"2023-02-09T13:42:21","date_gmt":"2023-02-09T12:42:21","guid":{"rendered":"https:\/\/www.nanoskin.be\/?page_id=4068"},"modified":"2023-02-09T13:42:21","modified_gmt":"2023-02-09T12:42:21","slug":"cookies","status":"publish","type":"page","link":"https:\/\/www.nanoskin.be\/de\/cookies\/","title":{"rendered":"Cookies"},"content":{"rendered":"<div class=\"fusion-fullwidth fullwidth-box fusion-builder-row-1 nonhundred-percent-fullwidth non-hundred-percent-height-scrolling\" style=\"background-color: rgba(255,255,255,0);background-position: left top;background-repeat: no-repeat;padding-top:50px;padding-right:0px;padding-bottom:0px;padding-left:0px;margin-bottom: 0px;margin-top: 0px;border-width: 0px 0px 0px 0px;border-color:#eae9e9;border-style:solid;\" ><div class=\"fusion-builder-row fusion-row\"><div class=\"fusion-layout-column fusion_builder_column fusion-builder-column-0 fusion_builder_column_1_1 1_1 fusion-one-full fusion-column-first fusion-column-last fusion-column-no-min-height\" style=\"margin-top:0px;margin-bottom:0px;\"><div class=\"fusion-column-wrapper fusion-flex-column-wrapper-legacy\" style=\"background-position:left top;background-repeat:no-repeat;-webkit-background-size:cover;-moz-background-size:cover;-o-background-size:cover;background-size:cover;padding: 0px 0px 0px 0px;\"><div class=\"fusion-sep-clear\"><\/div><div class=\"fusion-separator fusion-full-width-sep\" style=\"margin-left: auto;margin-right: auto;margin-top:0px;margin-bottom:0px;width:100%;\"><div class=\"fusion-separator-border sep-single sep-solid\" style=\"border-color:#01ace4;border-top-width:5px;\"><\/div><\/div><div class=\"fusion-sep-clear\"><\/div><div class=\"fusion-clearfix\"><\/div><\/div><\/div><div class=\"fusion-layout-column fusion_builder_column fusion-builder-column-1 fusion_builder_column_1_1 1_1 fusion-one-full fusion-column-first fusion-column-last rounded-border\" style=\"margin-top:0px;margin-bottom:20px;\"><div class=\"fusion-column-wrapper fusion-flex-column-wrapper-legacy\" style=\"background-position:left top;background-repeat:no-repeat;-webkit-background-size:cover;-moz-background-size:cover;-o-background-size:cover;background-size:cover;background-color:#ffffff;border-width: 1px 1px 1px 1px;border-color:#e2e2e2;border-style:solid;padding: 60px 60px 50px 60px;\"><div class=\"fusion-text fusion-text-1\"><h1 style=\"text-align: center;\"><span style=\"color: #000000;\">Cookies<br \/>\n<\/span><\/h1>\n<p>Ein Cookie ist eine kleine Datei, die um Erlaubnis bittet, auf der Festplatte Ihres Computers abgelegt zu werden. Sobald Sie zustimmen, wird die Datei hinzugef\u00fcgt und das Cookie hilft bei der Analyse des Webverkehrs oder informiert Sie, wenn Sie eine bestimmte Website besuchen. Cookies erm\u00f6glichen es Webanwendungen, auf Sie als Benutzer zu reagieren. Die Webanwendung kann ihre Funktionen auf Ihre Bed\u00fcrfnisse, Vorlieben und Abneigungen abstimmen, indem sie Informationen \u00fcber Ihre Pr\u00e4ferenzen sammelt und speichert. Wir verwenden Traffic-Log-Cookies, um festzustellen, welche Seiten verwendet werden. Dies hilft uns, die Daten \u00fcber den Webseitenverkehr zu analysieren und unsere Website zu verbessern, um sie an die Bed\u00fcrfnisse unserer Kunden anzupassen. Diese Informationen werden von uns nur zu statistischen Zwecken ausgewertet und anschlie\u00dfend aus dem System entfernt.<br \/>\nInsgesamt helfen uns Cookies dabei, Ihnen eine bessere Website zu bieten, indem sie es uns erm\u00f6glichen, zu \u00fcberwachen, welche Seiten Sie n\u00fctzlich finden und welche nicht. Ein Cookie gibt uns in keiner Weise Zugang zu Ihrem Computer oder anderen Informationen \u00fcber Sie, au\u00dfer den Daten, die Sie uns zur Verf\u00fcgung stellen.<br \/>\nSie k\u00f6nnen der Verwendung von Cookies zustimmen oder sie ablehnen. Die meisten Webbrowser akzeptieren Cookies automatisch, aber Sie k\u00f6nnen Ihre Browser-Einstellungen in der Regel so \u00e4ndern, dass Cookies abgelehnt werden, wenn Sie dies w\u00fcnschen. Dies kann jedoch dazu f\u00fchren, dass Sie die Website nicht in vollem Umfang nutzen k\u00f6nnen.<\/p>\n<\/div><div class=\"fusion-sep-clear\"><\/div><div class=\"fusion-separator fusion-full-width-sep\" style=\"margin-left: auto;margin-right: auto;margin-top:15px;margin-bottom:0px;width:100%;\"><\/div><div class=\"fusion-sep-clear\"><\/div><div class=\"fusion-clearfix\"><\/div><\/div><\/div><\/div><\/div>\n","protected":false},"excerpt":{"rendered":"","protected":false},"author":4,"featured_media":0,"parent":0,"menu_order":0,"comment_status":"closed","ping_status":"closed","template":"100-width.php","meta":[],"_links":{"self":[{"href":"https:\/\/www.nanoskin.be\/de\/wp-json\/wp\/v2\/pages\/4068"}],"collection":[{"href":"https:\/\/www.nanoskin.be\/de\/wp-json\/wp\/v2\/pages"}],"about":[{"href":"https:\/\/www.nanoskin.be\/de\/wp-json\/wp\/v2\/types\/page"}],"author":[{"embeddable":true,"href":"https:\/\/www.nanoskin.be\/de\/wp-json\/wp\/v2\/users\/4"}],"replies":[{"embeddable":true,"href":"https:\/\/www.nanoskin.be\/de\/wp-json\/wp\/v2\/comments?post=4068"}],"version-history":[{"count":3,"href":"https:\/\/www.nanoskin.be\/de\/wp-json\/wp\/v2\/pages\/4068\/revisions"}],"predecessor-version":[{"id":4111,"href":"https:\/\/www.nanoskin.be\/de\/wp-json\/wp\/v2\/pages\/4068\/revisions\/4111"}],"wp:attachment":[{"href":"https:\/\/www.nanoskin.be\/de\/wp-json\/wp\/v2\/media?parent=4068"}],"curies":[{"name":"wp","href":"https:\/\/api.w.org\/{rel}","templated":true}]}}