{"id":1408,"date":"2017-07-25T22:15:53","date_gmt":"2017-07-25T20:15:53","guid":{"rendered":"https:\/\/www.nanoskin.be\/?page_id=1408\/"},"modified":"2023-08-16T13:49:10","modified_gmt":"2023-08-16T11:49:10","slug":"stone-concrete","status":"publish","type":"page","link":"https:\/\/www.nanoskin.be\/fr\/nos-produits\/stone-concrete\/","title":{"rendered":"Stone &#038; Concrete"},"content":{"rendered":"<p><div class=\"fusion-fullwidth fullwidth-box fusion-builder-row-1 hundred-percent-fullwidth non-hundred-percent-height-scrolling\" style=\"background-color: rgba(255,255,255,0);background-position: center center;background-repeat: no-repeat;padding-top:0px;padding-right:0px;padding-bottom:0px;padding-left:0px;margin-bottom: 0px;margin-top: 0px;border-width: 0px 0px 0px 0px;border-color:#eae9e9;border-style:solid;\" ><div class=\"fusion-builder-row fusion-row\"><div class=\"fusion-layout-column fusion_builder_column fusion-builder-column-0 fusion_builder_column_1_1 1_1 fusion-one-full fusion-column-first fusion-column-last\" style=\"margin-top:0px;margin-bottom:20px;\"><div class=\"fusion-column-wrapper fusion-flex-column-wrapper-legacy\" style=\"background-position:left top;background-repeat:no-repeat;-webkit-background-size:cover;-moz-background-size:cover;-o-background-size:cover;background-size:cover;padding: 0px 0px 0px 0px;\">\t\t\t\t\t<div class=\"fusion-slider-container fusion-slider-sc-stone-concrete-fr fusion-slider-56 full-width-slider\" data-id=\"56\" data-full_height=\"\" style=\"height:250px; max-width:100%;\">\n\t\t\t\t\t\t<style type=\"text\/css\">.fusion-slider-56 .flex-direction-nav a {width:63px;height:63px;line-height:63px;font-size:25px;}<\/style>\t\t\t\t\t\t<div class=\"fusion-slider-loading\">Loading...<\/div>\n\t\t\t\t\t\t<div class=\"tfs-slider flexslider main-flex full-width-slider\" data-slider_width=\"100%\" data-slider_height=\"250px\" data-full_screen=\"0\" data-parallax=\"0\" data-nav_arrows=\"0\" data-nav_box_width=\"63px\" data-nav_box_height=\"63px\" data-nav_arrow_size=\"25px\" data-pagination_circles=\"0\" data-autoplay=\"0\" data-loop=\"0\" data-animation=\"fade\" data-slideshow_speed=\"7000\" data-animation_speed=\"600\" data-typo_sensitivity=\"1\" data-typo_factor=\"1.5\" style=\"max-width:100%;\">\n\t\t\t\t\t\t\t<ul class=\"slides\">\n\t\t\t\t\t\t\t\t\t\t\t\t\t\t\t\t\t<li data-mute=\"yes\" data-loop=\"yes\" data-autoplay=\"yes\">\n\t\t\t\t\t\t\t\t\t\t<div class=\"slide-content-container slide-content-center\" style=\"display: none;\">\n\t\t\t\t\t\t\t\t\t\t\t<div class=\"slide-content\" style=\"\">\n\t\t\t\t\t\t\t\t\t\t\t\t\t\t\t\t\t\t\t\t\t\t\t\t\t<div class=\"heading \">\n\t\t\t\t\t\t\t\t\t\t\t\t\t\t<div class=\"fusion-title-sc-wrapper\" style=\"\">\n\t\t\t\t\t\t\t\t\t\t\t\t\t\t\t<style type=\"text\/css\"><\/style><div class=\"fusion-title title fusion-title-1 fusion-sep-none fusion-title-center fusion-title-text fusion-title-size-two\" style=\"margin-top:0px;margin-right:0px;margin-bottom:0px;margin-left:0px;\"><h2 class=\"title-heading-center fusion-responsive-typography-calculated\" style=\"margin:0;color:#fff;font-size:36px;line-height:43.2px;--fontSize:28;line-height:1.21;\"><h1 style=\"color:#fff;\">Stone & Concrete<\/h1>\r\n<div class=\"fusion-sep-clear\"><\/div><div class=\"fusion-separator\" style=\"margin-left: auto;margin-right: auto;margin-top:20px;margin-bottom:10px;width:100%;max-width:170px;\"><div class=\"fusion-separator-border sep-single sep-solid\" style=\"border-color:rgb(1, 172, 228);border-top-width:1px;\"><\/div><\/div><div class=\"fusion-sep-clear\"><\/div><\/h2><\/div>\t\t\t\t\t\t\t\t\t\t\t\t\t\t<\/div>\n\t\t\t\t\t\t\t\t\t\t\t\t\t<\/div>\n\t\t\t\t\t\t\t\t\t\t\t\t\t\t\t\t\t\t\t\t\t\t\t\t\t\t\t\t\t\t\t\t\t\t\t\t\t\t\t\t\t\t\t\t\t\t\t\t\t<div class=\"buttons\" >\n\t\t\t\t\t\t\t\t\t\t\t\t\t\t\t\t\t\t\t\t\t\t\t\t\t\t\t\t\t\t\t\t\t\t\t\t\t\t\t\t\t<\/div>\n\t\t\t\t\t\t\t\t\t\t\t\t\t\t\t\t\t\t\t\t\t\t\t<\/div>\n\t\t\t\t\t\t\t\t\t\t<\/div>\n\t\t\t\t\t\t\t\t\t\t\t\t\t\t\t\t\t\t\t\t\t\t\t\t\t\t\t\t\t\t\t\t\t\t\t\t\t\t\t\t<div class=\"background background-image\" style=\"background-image: url(https:\/\/www.nanoskin.be\/wp-content\/uploads\/2017\/06\/contacteer-ons-overlay.jpg);max-width:100%;height:250px;filter: progid:DXImageTransform.Microsoft.AlphaImageLoader(src='https:\/\/www.nanoskin.be\/wp-content\/uploads\/2017\/06\/contacteer-ons-overlay.jpg', sizingMethod='scale');\" data-imgwidth=\"1920\">\n\t\t\t\t\t\t\t\t\t\t\t\t\t\t\t\t\t\t\t\t\t\t\t\t\t\t\t\t\t\t\t\t\t\t\t\t\t\t\t\t\t\t\t\t\t\t\t\t\t\t\t\t\t\t\t\t\t\t\t\t\t\t\t\t\t\t<\/div>\n\t\t\t\t\t\t\t\t\t<\/li>\n\t\t\t\t\t\t\t\t\t\t\t\t\t\t\t\t\t\t\t\t\t\t\t<\/ul>\n\t\t\t\t\t\t<\/div>\n\t\t\t\t\t<\/div>\n\t\t\t\t\t\t\t\t<div class=\"fusion-clearfix\"><\/div><\/div><\/div><\/div><\/div><div class=\"fusion-fullwidth fullwidth-box fusion-builder-row-2 nonhundred-percent-fullwidth non-hundred-percent-height-scrolling fusion-equal-height-columns\" style=\"background-color: rgba(255,255,255,0);background-position: left top;background-repeat: no-repeat;padding-top:50px;padding-right:0px;padding-bottom:0px;padding-left:0px;margin-bottom: 0px;margin-top: 0px;border-width: 0px 0px 0px 0px;border-color:#eae9e9;border-style:solid;\" ><div class=\"fusion-builder-row fusion-row\"><div class=\"fusion-layout-column fusion_builder_column fusion-builder-column-1 fusion_builder_column_2_3 2_3 fusion-two-third fusion-column-first green-border rounded-border\" style=\"width:66.666666666667%;width:calc(66.666666666667% - ( ( 1% ) * 0.66666666666667 ) );margin-right: 1%;margin-top:0px;margin-bottom:20px;\"><div class=\"fusion-column-wrapper fusion-flex-column-wrapper-legacy\" style=\"background-position:left top;background-repeat:no-repeat;-webkit-background-size:cover;-moz-background-size:cover;-o-background-size:cover;background-size:cover;background-color:#ffffff;border-width: 1px 1px 1px 1px;border-color:#e2e2e2;border-style:solid;padding: 60px 60px 50px 60px;\"><div class=\"fusion-text fusion-text-1 fusion-text-no-margin\"><h3 style=\"text-align: left;\">Nanoskin Stone &amp; Concrete<\/h3>\n<p style=\"text-align: left;\">Nanoskin Stone &amp; Concrete est un rev\u00eatement nanotechnologique sp\u00e9cialement con\u00e7u pour le traitement de toutes sortes de pierres et b\u00e9ton. Le rev\u00eatement est \u00e0 base de dioxyde de silicium et est enti\u00e8rement \u00e0 base d\u2019eau.<\/p>\n<\/div><style type=\"text\/css\">.fusion-accordian  #accordion-1407-1 .panel-title a .fa-fusion-box{ color: #ffffff;}.fusion-accordian  #accordion-1407-1 .panel-title a .fa-fusion-box:before{ font-size: 16px; width: 16px;}.fusion-accordian  #accordion-1407-1 .panel-title a{font-size:14px;}.fusion-accordian  #accordion-1407-1 .fa-fusion-box { background-color: #333333;border-color: #333333;}.fusion-accordian  #accordion-1407-1 .panel-title a:hover, #accordion-1407-1 .fusion-toggle-boxed-mode:hover .panel-title a { color: #01ace4;}.fusion-accordian  #accordion-1407-1 .panel-title .active .fa-fusion-box,.fusion-accordian  #accordion-1407-1 .panel-title a:hover .fa-fusion-box { background-color: #01ace4!important;border-color: #01ace4!important;}<\/style><div class=\"accordian fusion-accordian\"><div class=\"panel-group\" id=\"accordion-1407-1\"><div class=\"fusion-panel panel-default fusion-toggle-no-divider\"><div class=\"panel-heading\"><h4 class=\"panel-title toggle\"><a aria-expanded=\"false\" aria-controls=\"21448bdbc6f19fed4\" role=\"button\" data-toggle=\"collapse\" data-parent=\"#accordion-1407-1\" data-target=\"#21448bdbc6f19fed4\" href=\"#21448bdbc6f19fed4\"><span class=\"fusion-toggle-icon-wrapper\" aria-hidden=\"true\"><i class=\"fa-fusion-box\" aria-hidden=\"true\"><\/i><\/span><span class=\"fusion-toggle-heading\">Continuer<\/span><\/a><\/h4><\/div><div id=\"21448bdbc6f19fed4\" class=\"panel-collapse collapse \"><div class=\"panel-body toggle-content fusion-clearfix\">\n<p>Nanoskin Stone &amp; Concrete sert \u00e0 traiter les surfaces poreuses et min\u00e9rales. Sur les mat\u00e9riaux qui n&rsquo;absorbent pas de l&rsquo;eau, le rev\u00eatement ne cr\u00e9era pas d&rsquo;effet. Apr\u00e8s traitement avec Nanoskin Stone &amp; Concrete, le substrat acquiert un caract\u00e8re super hydrophobe, qui peut \u00eatre observ\u00e9 quand on verse de l\u2019 eau sur la surface. Cela se traduira par un effet de perlage de l&rsquo;eau. Gr\u00e2ce \u00e0 cette propri\u00e9t\u00e9 hydrophobe, Nanoskin Stone &amp; Concrete offre aussi une protection optimale contre la mousse et la salet\u00e9. Cela rendra plus difficile pour eux d&rsquo;adh\u00e9rer \u00e0 la surface trait\u00e9e. Il y aura \u00e9galement moins de besoins d&rsquo;entretien, ce qui permettra de r\u00e9duire les co\u00fbts. La surface min\u00e9rale continuera \u00e0 respirer apr\u00e8s le traitement et conservera son aspect naturel. En d&rsquo;autres termes, l&rsquo;humidit\u00e9 sous-jacente peut toujours s&rsquo;\u00e9couler. Le rev\u00eatement est totalement transparent et incolore.<\/p>\n<\/div><\/div><\/div><\/div><\/div><div class=\"fusion-text fusion-text-2\"><h3 style=\"text-align: left;\">Voir la vid\u00e9o<\/h3>\n<\/div><div class=\"fusion-video fusion-youtube\" style=\"max-width:1000px;max-height:563px;\"><div class=\"video-shortcode\"><iframe title=\"YouTube video player 1\" src=\"https:\/\/www.youtube.com\/embed\/d4Xcz0-FA8c?wmode=transparent&autoplay=0\" width=\"1000\" height=\"563\" allowfullscreen allow=\"autoplay; fullscreen\"><\/iframe><\/div><\/div><div class=\"fusion-clearfix\"><\/div><\/div><\/div><div class=\"fusion-layout-column fusion_builder_column fusion-builder-column-2 fusion_builder_column_1_3 1_3 fusion-one-third fusion-column-last\" style=\"width:33.333333333333%;width:calc(33.333333333333% - ( ( 1% ) * 0.33333333333333 ) );margin-top:0px;margin-bottom:0px;\"><div class=\"fusion-column-wrapper fusion-flex-column-wrapper-legacy\" style=\"background-position:left top;background-repeat:no-repeat;-webkit-background-size:cover;-moz-background-size:cover;-o-background-size:cover;background-size:cover;background-color:#41a5d0;padding: 0px 0px 0px 0px;\"><div class=\"fusion-tabs fusion-tabs-1 classic horizontal-tabs icon-position-left\"><style type=\"text\/css\">.fusion-tabs.fusion-tabs-1 .nav-tabs li a.tab-link{border-top-color:#ffffff;background-color:#ffffff;}.fusion-tabs.fusion-tabs-1 .nav-tabs{background-color:#41a5d0;}.fusion-tabs.fusion-tabs-1 .nav-tabs li.active a.tab-link,.fusion-tabs.fusion-tabs-1 .nav-tabs li.active a.tab-link:hover,.fusion-tabs.fusion-tabs-1 .nav-tabs li.active a.tab-link:focus{border-right-color:#41a5d0;}.fusion-tabs.fusion-tabs-1 .nav-tabs li.active a.tab-link,.fusion-tabs.fusion-tabs-1 .nav-tabs li.active a.tab-link:hover,.fusion-tabs.fusion-tabs-1 .nav-tabs li.active a.tab-link:focus{background-color:#41a5d0;}.fusion-tabs.fusion-tabs-1 .nav-tabs li a:hover{background-color:#41a5d0;border-top-color:#41a5d0;}.fusion-tabs.fusion-tabs-1 .tab-pane{background-color:#41a5d0;}.fusion-tabs.fusion-tabs-1 .nav,.fusion-tabs.fusion-tabs-1 .nav-tabs,.fusion-tabs.fusion-tabs-1 .tab-content .tab-pane{border-color:#41a5d0;}<\/style><div class=\"nav\"><ul class=\"nav-tabs nav-justified\" role=\"tablist\"><li class=\"active\"><a class=\"tab-link\" data-toggle=\"tab\" role=\"tab\" aria-controls=\"tab-832ece8d788c6e6aa80\" aria-selected=\"true\" id=\"fusion-tab-caract\u00e9ristiques\" href=\"#tab-832ece8d788c6e6aa80\"><h4 class=\"fusion-tab-heading\">Caract\u00e9ristiques<\/h4><\/a><\/li><li><a class=\"tab-link\" data-toggle=\"tab\" role=\"tab\" aria-controls=\"tab-a38f5a79e1add43cb4e\" aria-selected=\"false\" tabindex=\"-1\" id=\"fusion-tab-applications\" href=\"#tab-a38f5a79e1add43cb4e\"><h4 class=\"fusion-tab-heading\">Applications<\/h4><\/a><\/li><\/ul><\/div><div class=\"tab-content\"><div class=\"nav fusion-mobile-tab-nav\"><ul class=\"nav-tabs nav-justified\"><li class=\"active\"><a class=\"tab-link\" data-toggle=\"tab\" role=\"tab\" aria-controls=\"tab-832ece8d788c6e6aa80\" aria-selected=\"true\" id=\"mobile-fusion-tab-caract\u00e9ristiques\" href=\"#tab-832ece8d788c6e6aa80\"><h4 class=\"fusion-tab-heading\">Caract\u00e9ristiques<\/h4><\/a><\/li><\/ul><\/div><div class=\"tab-pane fade fusion-clearfix in active\" role=\"tabpanel\" tabindex=\"0\" aria-labelledby=\"fusion-tab-caract\u00e9ristiques\" id=\"tab-832ece8d788c6e6aa80\">\n<h3 style=\"text-align: left;\"><span style=\"color: #ffffff;\">Caract\u00e9ristiques et avantages<\/span><\/h3>\n<p><span style=\"color: #ffffff;\">\u2022 Facile \u00e0 appliquer par spray<br \/>\n\u2022 Durabilit\u00e9 \u00e9lev\u00e9e<br \/>\n\u2022 Ecologique<br \/>\n\u2022 Respirant<br \/>\n\u2022 Excellente protection en milieu alcalin<br \/>\n\u2022 Optique neutre<br \/>\n\u2022 Durcissement \u00e0 une temp\u00e9rature ambiante<br \/>\n\u2022 Pas de COV<br \/>\n\u2022 UV stable<br \/>\n\u2022 Repousse l\u2019eau et la salet\u00e9<br \/>\n\u2022 R\u00e9duit l\u2019entretien<br \/>\n<\/span><\/p>\n<div class=\"fusion-aligncenter\"><style type=\"text\/css\">.fusion-button.button-1 .fusion-button-text, .fusion-button.button-1 i {color:#41a5d0;}.fusion-button.button-1 .fusion-button-icon-divider{border-color:#41a5d0;}.fusion-button.button-1:hover .fusion-button-text, .fusion-button.button-1:hover i,.fusion-button.button-1:focus .fusion-button-text, .fusion-button.button-1:focus i,.fusion-button.button-1:active .fusion-button-text, .fusion-button.button-1:active{color:#ffffff;}.fusion-button.button-1:hover .fusion-button-icon-divider, .fusion-button.button-1:hover .fusion-button-icon-divider, .fusion-button.button-1:active .fusion-button-icon-divider{border-color:#ffffff;}.fusion-button.button-1:hover, .fusion-button.button-1:focus, .fusion-button.button-1:active{border-color:#ffffff;border-width:2px;}.fusion-button.button-1 {border-color:#ffffff;border-width:2px;border-radius:30px;}.fusion-button.button-1{background: #ffffff;}.fusion-button.button-1:hover,.button-1:focus,.fusion-button.button-1:active{background: #41a5d0;}<\/style><a class=\"fusion-button button-flat fusion-button-default-size button-custom button-1 fusion-button-default-span \" target=\"_blank\" rel=\"noopener noreferrer\" href=\"https:\/\/www.nanoskin.be\/wp-content\/uploads\/2022\/01\/Fiche-technique-Nanoskin-Stone-Concrete.pdf\"><i class=\"fa-arrow-alt-circle-down fas button-icon-left\" aria-hidden=\"true\"><\/i><span class=\"fusion-button-text\">Fiche technique<\/span><\/a><\/div>\n<\/div><div class=\"nav fusion-mobile-tab-nav\"><ul class=\"nav-tabs nav-justified\"><li><a class=\"tab-link\" data-toggle=\"tab\" role=\"tab\" aria-controls=\"tab-a38f5a79e1add43cb4e\" aria-selected=\"false\" tabindex=\"-1\" id=\"mobile-fusion-tab-applications\" href=\"#tab-a38f5a79e1add43cb4e\"><h4 class=\"fusion-tab-heading\">Applications<\/h4><\/a><\/li><\/ul><\/div><div class=\"tab-pane fade fusion-clearfix\" role=\"tabpanel\" tabindex=\"0\" aria-labelledby=\"fusion-tab-applications\" id=\"tab-a38f5a79e1add43cb4e\">\n<h3 style=\"text-align: left; color: #ffffff;\">Applications<\/h3>\n<p style=\"text-align: left; color: #ffffff;\">Nanoskin Stone &amp; Concrete est con\u00e7u pour rendre toutes sortes de pierres hydrophobes. Ce produit est particuli\u00e8rement ad\u00e9quate pour la brique, le b\u00e9ton, le gr\u00e8s, le calcaire et d\u2019autres structures min\u00e9rales.<\/p>\n<p style=\"text-align: left; color: #ffffff;\">Une autre caract\u00e9ristique de ce rev\u00eatement est ce qu&rsquo;on appelle l&rsquo;effet &lsquo;pee-back&rsquo;. Pour cela, nous recommandons d&rsquo;appliquer une deuxi\u00e8me couche \u2018wet to wet\u2019.<\/p>\n<div class=\"fusion-aligncenter\"><style type=\"text\/css\">.fusion-button.button-2 .fusion-button-text, .fusion-button.button-2 i {color:#41a5d0;}.fusion-button.button-2 .fusion-button-icon-divider{border-color:#41a5d0;}.fusion-button.button-2:hover .fusion-button-text, .fusion-button.button-2:hover i,.fusion-button.button-2:focus .fusion-button-text, .fusion-button.button-2:focus i,.fusion-button.button-2:active .fusion-button-text, .fusion-button.button-2:active{color:#ffffff;}.fusion-button.button-2:hover .fusion-button-icon-divider, .fusion-button.button-2:hover .fusion-button-icon-divider, .fusion-button.button-2:active .fusion-button-icon-divider{border-color:#ffffff;}.fusion-button.button-2:hover, .fusion-button.button-2:focus, .fusion-button.button-2:active{border-color:#ffffff;border-width:2px;}.fusion-button.button-2 {border-color:#ffffff;border-width:2px;border-radius:30px;}.fusion-button.button-2{background: #ffffff;}.fusion-button.button-2:hover,.button-2:focus,.fusion-button.button-2:active{background: #41a5d0;}<\/style><a class=\"fusion-button button-flat fusion-button-default-size button-custom button-2 fusion-button-default-span \" target=\"_blank\" rel=\"noopener noreferrer\" href=\"https:\/\/www.nanoskin.be\/wp-content\/uploads\/2022\/01\/Fiche-technique-Nanoskin-Stone-Concrete.pdf\"><i class=\"fa-arrow-alt-circle-down fas button-icon-left\" aria-hidden=\"true\"><\/i><span class=\"fusion-button-text\">Fiche technique<\/span><\/a><\/div><\/div><\/div><\/div><div class=\"fusion-clearfix\"><\/div><\/div><\/div><div class=\"fusion-layout-column fusion_builder_column fusion-builder-column-3 fusion_builder_column_1_1 1_1 fusion-one-full fusion-column-first fusion-column-last fusion-column-no-min-height\" style=\"margin-top:0px;margin-bottom:20px;\"><div class=\"fusion-column-wrapper fusion-flex-column-wrapper-legacy\" style=\"background-position:left top;background-repeat:no-repeat;-webkit-background-size:cover;-moz-background-size:cover;-o-background-size:cover;background-size:cover;padding: 0px 0px 0px 0px;\"><div class=\"fusion-aligncenter\"><style type=\"text\/css\">.fusion-button.button-3 .fusion-button-text, .fusion-button.button-3 i {color:#ffffff;}.fusion-button.button-3 .fusion-button-icon-divider{border-color:#ffffff;}.fusion-button.button-3:hover .fusion-button-text, .fusion-button.button-3:hover i,.fusion-button.button-3:focus .fusion-button-text, .fusion-button.button-3:focus i,.fusion-button.button-3:active .fusion-button-text, .fusion-button.button-3:active{color:#ffffff;}.fusion-button.button-3:hover .fusion-button-icon-divider, .fusion-button.button-3:hover .fusion-button-icon-divider, .fusion-button.button-3:active .fusion-button-icon-divider{border-color:#ffffff;}.fusion-button.button-3:hover, .fusion-button.button-3:focus, .fusion-button.button-3:active{border-color:#ffffff;}.fusion-button.button-3 {border-color:#ffffff;border-radius:30px;}.fusion-button.button-3{background: #01ace4;}.fusion-button.button-3:hover,.button-3:focus,.fusion-button.button-3:active{background: #8cb23f;}<\/style><a class=\"fusion-button button-flat button-xlarge button-custom button-3 fusion-button-default-span \" target=\"_self\" href=\"https:\/\/www.nanoskin.be\/fr\/nos-produits\/\" style=\"margin-top:2%;margin-bottom:2%;\"><i class=\"fa-arrow-left fas button-icon-left\" aria-hidden=\"true\"><\/i><span class=\"fusion-button-text\">Nos produits<\/span><\/a><\/div><div class=\"fusion-clearfix\"><\/div><\/div><\/div><\/div><\/div><div class=\"fusion-bg-parallax\" data-bg-align=\"left center\" data-direction=\"up\" data-mute=\"false\" data-opacity=\"100\" data-velocity=\"-0.4\" data-mobile-enabled=\"false\" data-break_parents=\"0\" data-bg-image=\"https:\/\/www.nanoskin.be\/wp-content\/uploads\/2015\/02\/background-homepage.jpg\" data-bg-repeat=\"false\" ><\/div><div class=\"fusion-fullwidth fullwidth-box fusion-builder-row-3 fusion-parallax-up nonhundred-percent-fullwidth non-hundred-percent-height-scrolling\" style=\"background-color: rgba(255,255,255,0);background-image: url(&quot;https:\/\/www.nanoskin.be\/wp-content\/uploads\/2015\/02\/background-homepage.jpg&quot;);background-position: left center;background-repeat: no-repeat;padding-top:110px;padding-right:0px;padding-bottom:85px;padding-left:0px;margin-bottom: 0px;margin-top: 0px;border-width: 0px 0px 0px 0px;border-color:#eae9e9;border-style:solid;-webkit-background-size:cover;-moz-background-size:cover;-o-background-size:cover;background-size:cover;\" ><div class=\"fusion-builder-row fusion-row\"><div class=\"fusion-layout-column fusion_builder_column fusion-builder-column-4 fusion_builder_column_1_1 1_1 fusion-one-full fusion-column-first fusion-column-last\" style=\"margin-top:0px;margin-bottom:20px;\"><div class=\"fusion-column-wrapper fusion-flex-column-wrapper-legacy\" style=\"background-position:left top;background-repeat:no-repeat;-webkit-background-size:cover;-moz-background-size:cover;-o-background-size:cover;background-size:cover;padding: 0px 0px 0px 0px;\"><div class=\"fusion-text fusion-text-3\"><h3 style=\"text-align: center;\"><span style=\"color: #ffffff;\">Int\u00e9ress\u00e9? Contactez-nous pour un devis personnalis\u00e9.<\/span><\/h3>\n<p style=\"text-align: center;\"><span style=\"color: #ffffff;\">Appelez-nous au +32 52 80 08 07 ou envoyez-nous un e-mail \u00e0 <a href=\"mailto:info@nanoskin.be\">info@nanoskin.be<\/a>.<\/span><\/p>\n<\/div><div class=\"fusion-sep-clear\"><\/div><div class=\"fusion-separator fusion-full-width-sep\" style=\"margin-left: auto;margin-right: auto;margin-top:40px;width:100%;\"><\/div><div class=\"fusion-sep-clear\"><\/div><div class=\"fusion-aligncenter\"><style type=\"text\/css\">.fusion-button.button-4 .fusion-button-text, .fusion-button.button-4 i {color:#ffffff;}.fusion-button.button-4 .fusion-button-icon-divider{border-color:#ffffff;}.fusion-button.button-4:hover .fusion-button-text, .fusion-button.button-4:hover i,.fusion-button.button-4:focus .fusion-button-text, .fusion-button.button-4:focus i,.fusion-button.button-4:active .fusion-button-text, .fusion-button.button-4:active{color:#ffffff;}.fusion-button.button-4:hover .fusion-button-icon-divider, .fusion-button.button-4:hover .fusion-button-icon-divider, .fusion-button.button-4:active .fusion-button-icon-divider{border-color:#ffffff;}.fusion-button.button-4:hover, .fusion-button.button-4:focus, .fusion-button.button-4:active{border-color:#ffffff;}.fusion-button.button-4 {border-color:#ffffff;border-radius:30px;}.fusion-button.button-4{background: #01ace4;}.fusion-button.button-4:hover,.button-4:focus,.fusion-button.button-4:active{background: #8cb23f;}<\/style><a class=\"fusion-button button-flat button-xlarge button-custom button-4 fusion-button-default-span \" target=\"_self\" href=\"https:\/\/www.nanoskin.be\/fr\/contact\/\" style=\"margin-bottom:5%;\"><span class=\"fusion-button-text\">Contactez-nous<\/span><\/a><\/div><div class=\"fusion-clearfix\"><\/div><\/div><\/div><\/div><\/div><\/p>\n","protected":false},"excerpt":{"rendered":"","protected":false},"author":3,"featured_media":0,"parent":1401,"menu_order":0,"comment_status":"closed","ping_status":"closed","template":"100-width.php","meta":[],"_links":{"self":[{"href":"https:\/\/www.nanoskin.be\/fr\/wp-json\/wp\/v2\/pages\/1408"}],"collection":[{"href":"https:\/\/www.nanoskin.be\/fr\/wp-json\/wp\/v2\/pages"}],"about":[{"href":"https:\/\/www.nanoskin.be\/fr\/wp-json\/wp\/v2\/types\/page"}],"author":[{"embeddable":true,"href":"https:\/\/www.nanoskin.be\/fr\/wp-json\/wp\/v2\/users\/3"}],"replies":[{"embeddable":true,"href":"https:\/\/www.nanoskin.be\/fr\/wp-json\/wp\/v2\/comments?post=1408"}],"version-history":[{"count":5,"href":"https:\/\/www.nanoskin.be\/fr\/wp-json\/wp\/v2\/pages\/1408\/revisions"}],"predecessor-version":[{"id":4397,"href":"https:\/\/www.nanoskin.be\/fr\/wp-json\/wp\/v2\/pages\/1408\/revisions\/4397"}],"up":[{"embeddable":true,"href":"https:\/\/www.nanoskin.be\/fr\/wp-json\/wp\/v2\/pages\/1401"}],"wp:attachment":[{"href":"https:\/\/www.nanoskin.be\/fr\/wp-json\/wp\/v2\/media?parent=1408"}],"curies":[{"name":"wp","href":"https:\/\/api.w.org\/{rel}","templated":true}]}}