{"id":1442,"date":"2017-07-25T22:51:03","date_gmt":"2017-07-25T20:51:03","guid":{"rendered":"https:\/\/www.nanoskin.be\/?page_id=1442\/"},"modified":"2022-04-04T13:34:37","modified_gmt":"2022-04-04T11:34:37","slug":"metal-plastics","status":"publish","type":"page","link":"https:\/\/www.nanoskin.be\/fr\/nos-produits\/metal-plastics\/","title":{"rendered":"Metal &#038; Plastics"},"content":{"rendered":"<p><div class=\"fusion-fullwidth fullwidth-box fusion-builder-row-1 hundred-percent-fullwidth non-hundred-percent-height-scrolling\" style=\"background-color: rgba(255,255,255,0);background-position: center center;background-repeat: no-repeat;padding-top:0px;padding-right:0px;padding-bottom:0px;padding-left:0px;margin-bottom: 0px;margin-top: 0px;border-width: 0px 0px 0px 0px;border-color:#eae9e9;border-style:solid;\" ><div class=\"fusion-builder-row fusion-row\"><div class=\"fusion-layout-column fusion_builder_column fusion-builder-column-0 fusion_builder_column_1_1 1_1 fusion-one-full fusion-column-first fusion-column-last\" style=\"margin-top:0px;margin-bottom:20px;\"><div class=\"fusion-column-wrapper fusion-flex-column-wrapper-legacy\" style=\"background-position:left top;background-repeat:no-repeat;-webkit-background-size:cover;-moz-background-size:cover;-o-background-size:cover;background-size:cover;padding: 0px 0px 0px 0px;\">\t\t\t\t\t<div class=\"fusion-slider-container fusion-slider-sc-metal-plastics-fr fusion-slider-62 full-width-slider\" data-id=\"62\" data-full_height=\"\" style=\"height:250px; max-width:100%;\">\n\t\t\t\t\t\t<style type=\"text\/css\">.fusion-slider-62 .flex-direction-nav a {width:63px;height:63px;line-height:63px;font-size:25px;}<\/style>\t\t\t\t\t\t<div class=\"fusion-slider-loading\">Loading...<\/div>\n\t\t\t\t\t\t<div class=\"tfs-slider flexslider main-flex full-width-slider\" data-slider_width=\"100%\" data-slider_height=\"250px\" data-full_screen=\"0\" data-parallax=\"0\" data-nav_arrows=\"0\" data-nav_box_width=\"63px\" data-nav_box_height=\"63px\" data-nav_arrow_size=\"25px\" data-pagination_circles=\"0\" data-autoplay=\"0\" data-loop=\"0\" data-animation=\"fade\" data-slideshow_speed=\"7000\" data-animation_speed=\"600\" data-typo_sensitivity=\"1\" data-typo_factor=\"1.5\" style=\"max-width:100%;\">\n\t\t\t\t\t\t\t<ul class=\"slides\">\n\t\t\t\t\t\t\t\t\t\t\t\t\t\t\t\t\t<li data-mute=\"yes\" data-loop=\"yes\" data-autoplay=\"yes\">\n\t\t\t\t\t\t\t\t\t\t<div class=\"slide-content-container slide-content-center\" style=\"display: none;\">\n\t\t\t\t\t\t\t\t\t\t\t<div class=\"slide-content\" style=\"\">\n\t\t\t\t\t\t\t\t\t\t\t\t\t\t\t\t\t\t\t\t\t\t\t\t\t<div class=\"heading \">\n\t\t\t\t\t\t\t\t\t\t\t\t\t\t<div class=\"fusion-title-sc-wrapper\" style=\"\">\n\t\t\t\t\t\t\t\t\t\t\t\t\t\t\t<style type=\"text\/css\"><\/style><div class=\"fusion-title title fusion-title-1 fusion-sep-none fusion-title-center fusion-title-text fusion-title-size-two\" style=\"margin-top:0px;margin-right:0px;margin-bottom:0px;margin-left:0px;\"><h2 class=\"title-heading-center fusion-responsive-typography-calculated\" style=\"margin:0;color:#fff;font-size:36px;line-height:43.2px;--fontSize:28;line-height:1.21;\"><h1 style=\"color:#fff;\">Metal & Plastics<\/h1>\r\n<div class=\"fusion-sep-clear\"><\/div><div class=\"fusion-separator\" style=\"margin-left: auto;margin-right: auto;margin-top:20px;margin-bottom:10px;width:100%;max-width:170px;\"><div class=\"fusion-separator-border sep-single sep-solid\" style=\"border-color:rgb(1, 172, 228);border-top-width:1px;\"><\/div><\/div><div class=\"fusion-sep-clear\"><\/div><\/h2><\/div>\t\t\t\t\t\t\t\t\t\t\t\t\t\t<\/div>\n\t\t\t\t\t\t\t\t\t\t\t\t\t<\/div>\n\t\t\t\t\t\t\t\t\t\t\t\t\t\t\t\t\t\t\t\t\t\t\t\t\t\t\t\t\t\t\t\t\t\t\t\t\t\t\t\t\t\t\t\t\t\t\t\t\t<div class=\"buttons\" >\n\t\t\t\t\t\t\t\t\t\t\t\t\t\t\t\t\t\t\t\t\t\t\t\t\t\t\t\t\t\t\t\t\t\t\t\t\t\t\t\t\t<\/div>\n\t\t\t\t\t\t\t\t\t\t\t\t\t\t\t\t\t\t\t\t\t\t\t<\/div>\n\t\t\t\t\t\t\t\t\t\t<\/div>\n\t\t\t\t\t\t\t\t\t\t\t\t\t\t\t\t\t\t\t\t\t\t\t\t\t\t\t\t\t\t\t\t\t\t\t\t\t\t\t\t<div class=\"background background-image\" style=\"background-image: url(https:\/\/www.nanoskin.be\/wp-content\/uploads\/2017\/07\/metal-plastics.jpg);max-width:100%;height:250px;filter: progid:DXImageTransform.Microsoft.AlphaImageLoader(src='https:\/\/www.nanoskin.be\/wp-content\/uploads\/2017\/07\/metal-plastics.jpg', sizingMethod='scale');\" data-imgwidth=\"1920\">\n\t\t\t\t\t\t\t\t\t\t\t\t\t\t\t\t\t\t\t\t\t\t\t\t\t\t\t\t\t\t\t\t\t\t\t\t\t\t\t\t\t\t\t\t\t\t\t\t\t\t\t\t\t\t\t\t\t\t\t\t\t\t\t\t\t\t<\/div>\n\t\t\t\t\t\t\t\t\t<\/li>\n\t\t\t\t\t\t\t\t\t\t\t\t\t\t\t\t\t\t\t\t\t\t\t<\/ul>\n\t\t\t\t\t\t<\/div>\n\t\t\t\t\t<\/div>\n\t\t\t\t\t\t\t\t<div class=\"fusion-clearfix\"><\/div><\/div><\/div><\/div><\/div><div class=\"fusion-fullwidth fullwidth-box fusion-builder-row-2 nonhundred-percent-fullwidth non-hundred-percent-height-scrolling fusion-equal-height-columns\" style=\"background-color: rgba(255,255,255,0);background-position: left top;background-repeat: no-repeat;padding-top:50px;padding-right:0px;padding-bottom:0px;padding-left:0px;margin-bottom: 0px;margin-top: 0px;border-width: 0px 0px 0px 0px;border-color:#eae9e9;border-style:solid;\" ><div class=\"fusion-builder-row fusion-row\"><div class=\"fusion-layout-column fusion_builder_column fusion-builder-column-1 fusion_builder_column_2_3 2_3 fusion-two-third fusion-column-first green-border rounded-border fusion-column-no-min-height\" style=\"width:66.666666666667%;width:calc(66.666666666667% - ( ( 1% ) * 0.66666666666667 ) );margin-right: 1%;margin-top:0px;margin-bottom:20px;\"><div class=\"fusion-column-wrapper fusion-flex-column-wrapper-legacy\" style=\"background-position:left top;background-repeat:no-repeat;-webkit-background-size:cover;-moz-background-size:cover;-o-background-size:cover;background-size:cover;background-color:#ffffff;border-width: 1px 1px 1px 1px;border-color:#e2e2e2;border-style:solid;padding: 60px 60px 80px 60px;\"><div class=\"fusion-text fusion-text-1 fusion-text-no-margin\"><h3 style=\"text-align: left;\">Nanoskin Metal &amp; Plastics<\/h3>\n<p style=\"text-align: left;\">Nanoskin Metal &amp; Plastics est un rev\u00eatement nanotechnologique sp\u00e9cialement con\u00e7u pour le traitement des surfaces m\u00e9talliques et plastiques. Le rev\u00eatement est \u00e0 base de dioxyde de silicium et d\u2019\u00e9thanol.<\/p>\n<\/div><style type=\"text\/css\">.fusion-accordian  #accordion-1427-1 .panel-title a .fa-fusion-box{ color: #ffffff;}.fusion-accordian  #accordion-1427-1 .panel-title a .fa-fusion-box:before{ font-size: 16px; width: 16px;}.fusion-accordian  #accordion-1427-1 .panel-title a{font-size:14px;}.fusion-accordian  #accordion-1427-1 .fa-fusion-box { background-color: #333333;border-color: #333333;}.fusion-accordian  #accordion-1427-1 .panel-title a:hover, #accordion-1427-1 .fusion-toggle-boxed-mode:hover .panel-title a { color: #01ace4;}.fusion-accordian  #accordion-1427-1 .panel-title .active .fa-fusion-box,.fusion-accordian  #accordion-1427-1 .panel-title a:hover .fa-fusion-box { background-color: #01ace4!important;border-color: #01ace4!important;}<\/style><div class=\"accordian fusion-accordian\"><div class=\"panel-group\" id=\"accordion-1427-1\"><div class=\"fusion-panel panel-default fusion-toggle-no-divider\"><div class=\"panel-heading\"><h4 class=\"panel-title toggle\"><a aria-expanded=\"false\" aria-controls=\"f4b2a6271ea891a20\" role=\"button\" data-toggle=\"collapse\" data-parent=\"#accordion-1427-1\" data-target=\"#f4b2a6271ea891a20\" href=\"#f4b2a6271ea891a20\"><span class=\"fusion-toggle-icon-wrapper\" aria-hidden=\"true\"><i class=\"fa-fusion-box\" aria-hidden=\"true\"><\/i><\/span><span class=\"fusion-toggle-heading\">Continuer<\/span><\/a><\/h4><\/div><div id=\"f4b2a6271ea891a20\" class=\"panel-collapse collapse \"><div class=\"panel-body toggle-content fusion-clearfix\">\n<p>Nanoskin Metal &amp; Plastics est principalement utilis\u00e9 pour traiter des surfaces m\u00e9talliques afin d\u2019obtenir un effet facile \u00e0 nettoyer. Pour les applications industrielles qui ont beaucoup \u00e0 voir avec l\u2019usure, la corrosion, l\u2019abrasion, \u2026, nous recommandons d\u2019utiliser Nanoskin Anti-Corrosion. Apr\u00e8s traitement avec Nanoskin Metal &amp; Plastics, le substrat acquiert un caract\u00e8re super hydrophobe, qui peut \u00eatre observ\u00e9 quand on verse de l\u2019 eau sur la surface. Cela se traduira par un effet de perlage de l\u2019eau. Gr\u00e2ce \u00e0 cette propri\u00e9t\u00e9 hydrophobe, Nanoskin Metal &amp; Plastics offre aussi une protection optimale contre la salet\u00e9 et la graisse. Par cons\u00e9quent, les taches de salet\u00e9 et de graisse sont remarquablement moins pr\u00e9sentes et faciles \u00e0 enlever.<\/p>\n<\/div><\/div><\/div><\/div><\/div><div class=\"fusion-text fusion-text-2\"><h3 style=\"text-align: left;\">Nanoskin<\/h3>\n<\/div><div class=\"fusion-video fusion-youtube\" style=\"max-width:1000px;max-height:563px;\"><div class=\"video-shortcode\"><iframe title=\"YouTube video player 1\" src=\"https:\/\/www.youtube.com\/embed\/B4hIfZg4mLI?wmode=transparent&autoplay=0\" width=\"1000\" height=\"563\" allowfullscreen allow=\"autoplay; fullscreen\"><\/iframe><\/div><\/div><div class=\"fusion-clearfix\"><\/div><\/div><\/div><div class=\"fusion-layout-column fusion_builder_column fusion-builder-column-2 fusion_builder_column_1_3 1_3 fusion-one-third fusion-column-last\" style=\"width:33.333333333333%;width:calc(33.333333333333% - ( ( 1% ) * 0.33333333333333 ) );margin-top:0px;margin-bottom:20px;\"><div class=\"fusion-column-wrapper fusion-flex-column-wrapper-legacy\" style=\"background-position:left top;background-repeat:no-repeat;-webkit-background-size:cover;-moz-background-size:cover;-o-background-size:cover;background-size:cover;background-color:#41a4d0;padding: 0px 0px 0px 0px;\"><div class=\"fusion-tabs fusion-tabs-1 classic horizontal-tabs icon-position-left\"><style type=\"text\/css\">.fusion-tabs.fusion-tabs-1 .nav-tabs li a.tab-link{border-top-color:#ffffff;background-color:#ffffff;}.fusion-tabs.fusion-tabs-1 .nav-tabs{background-color:#41a5d0;}.fusion-tabs.fusion-tabs-1 .nav-tabs li.active a.tab-link,.fusion-tabs.fusion-tabs-1 .nav-tabs li.active a.tab-link:hover,.fusion-tabs.fusion-tabs-1 .nav-tabs li.active a.tab-link:focus{border-right-color:#41a5d0;}.fusion-tabs.fusion-tabs-1 .nav-tabs li.active a.tab-link,.fusion-tabs.fusion-tabs-1 .nav-tabs li.active a.tab-link:hover,.fusion-tabs.fusion-tabs-1 .nav-tabs li.active a.tab-link:focus{background-color:#41a5d0;}.fusion-tabs.fusion-tabs-1 .nav-tabs li a:hover{background-color:#41a5d0;border-top-color:#41a5d0;}.fusion-tabs.fusion-tabs-1 .tab-pane{background-color:#41a5d0;}.fusion-tabs.fusion-tabs-1 .nav,.fusion-tabs.fusion-tabs-1 .nav-tabs,.fusion-tabs.fusion-tabs-1 .tab-content .tab-pane{border-color:#41a5d0;}<\/style><div class=\"nav\"><ul class=\"nav-tabs nav-justified\" role=\"tablist\"><li class=\"active\"><a class=\"tab-link\" data-toggle=\"tab\" role=\"tab\" aria-controls=\"tab-3ddc7f50d3e1a9fb226\" aria-selected=\"true\" id=\"fusion-tab-charact\u00e9ristiques\" href=\"#tab-3ddc7f50d3e1a9fb226\"><h4 class=\"fusion-tab-heading\">Charact\u00e9ristiques<\/h4><\/a><\/li><li><a class=\"tab-link\" data-toggle=\"tab\" role=\"tab\" aria-controls=\"tab-849cab6253d9aa25810\" aria-selected=\"false\" tabindex=\"-1\" id=\"fusion-tab-applications\" href=\"#tab-849cab6253d9aa25810\"><h4 class=\"fusion-tab-heading\">Applications<\/h4><\/a><\/li><\/ul><\/div><div class=\"tab-content\"><div class=\"nav fusion-mobile-tab-nav\"><ul class=\"nav-tabs nav-justified\"><li class=\"active\"><a class=\"tab-link\" data-toggle=\"tab\" role=\"tab\" aria-controls=\"tab-3ddc7f50d3e1a9fb226\" aria-selected=\"true\" id=\"mobile-fusion-tab-charact\u00e9ristiques\" href=\"#tab-3ddc7f50d3e1a9fb226\"><h4 class=\"fusion-tab-heading\">Charact\u00e9ristiques<\/h4><\/a><\/li><\/ul><\/div><div class=\"tab-pane fade fusion-clearfix in active\" role=\"tabpanel\" tabindex=\"0\" aria-labelledby=\"fusion-tab-charact\u00e9ristiques\" id=\"tab-3ddc7f50d3e1a9fb226\">\n<h3 style=\"text-align: left;\"><span style=\"color: #ffffff;\">Caract\u00e9ristiques et avantages<\/span><\/h3>\n<p><span style=\"color: #ffffff;\">\u2022 Faible consommation<br \/>\n\u2022 Durabilit\u00e9 \u00e9lev\u00e9e<br \/>\n\u2022 Ecologiquement inoffensif<br \/>\n\u2022 Optique neutre<br \/>\n\u2022 Durcissement \u00e0 une temp\u00e9rature ambiante<br \/>\n\u2022 UV stable<br \/>\n\u2022 Repousse l\u2019eau et la salet\u00e9<br \/>\n\u2022 R\u00e9duit l\u2019entretien<br \/>\n<\/span><\/p>\n<div class=\"fusion-aligncenter\"><style type=\"text\/css\">.fusion-button.button-1 .fusion-button-text, .fusion-button.button-1 i {color:#41a5d0;}.fusion-button.button-1 .fusion-button-icon-divider{border-color:#41a5d0;}.fusion-button.button-1:hover .fusion-button-text, .fusion-button.button-1:hover i,.fusion-button.button-1:focus .fusion-button-text, .fusion-button.button-1:focus i,.fusion-button.button-1:active .fusion-button-text, .fusion-button.button-1:active{color:#ffffff;}.fusion-button.button-1:hover .fusion-button-icon-divider, .fusion-button.button-1:hover .fusion-button-icon-divider, .fusion-button.button-1:active .fusion-button-icon-divider{border-color:#ffffff;}.fusion-button.button-1:hover, .fusion-button.button-1:focus, .fusion-button.button-1:active{border-color:#ffffff;border-width:2px;}.fusion-button.button-1 {border-color:#ffffff;border-width:2px;border-radius:30px;}.fusion-button.button-1{background: #ffffff;}.fusion-button.button-1:hover,.button-1:focus,.fusion-button.button-1:active{background: #41a5d0;}<\/style><a class=\"fusion-button button-flat fusion-button-default-size button-custom button-1 fusion-button-default-span \" target=\"_blank\" rel=\"noopener noreferrer\" href=\"https:\/\/www.nanoskin.be\/wp-content\/uploads\/2022\/01\/Fiche-technique-Nanoskin-Metal-Plastics.pdf\"><i class=\"fa-arrow-alt-circle-down fas button-icon-left\" aria-hidden=\"true\"><\/i><span class=\"fusion-button-text\">Fiche technique<\/span><\/a><\/div><\/div><div class=\"nav fusion-mobile-tab-nav\"><ul class=\"nav-tabs nav-justified\"><li><a class=\"tab-link\" data-toggle=\"tab\" role=\"tab\" aria-controls=\"tab-849cab6253d9aa25810\" aria-selected=\"false\" tabindex=\"-1\" id=\"mobile-fusion-tab-applications\" href=\"#tab-849cab6253d9aa25810\"><h4 class=\"fusion-tab-heading\">Applications<\/h4><\/a><\/li><\/ul><\/div><div class=\"tab-pane fade fusion-clearfix\" role=\"tabpanel\" tabindex=\"0\" aria-labelledby=\"fusion-tab-applications\" id=\"tab-849cab6253d9aa25810\">\n<h3 style=\"text-align: left; color: #ffffff;\">Applications<\/h3>\n<p style=\"text-align: left; color: #ffffff;\">Nanoskin Metal &amp; Plastics est con\u00e7u pour rendre les surfaces m\u00e9talliques et plastiques hydrophobes et antisalissures. Ce rev\u00eatement convient donc pour l\u2019acier inox, l\u2019aluminium, le PVC, \u2026. .<\/p>\n<p style=\"text-align: left; color: #ffffff;\">Pour les applications dans des conditions plus dures, nous recommandons l\u2019utilisation d\u2019un rev\u00eatement plus robuste comme Nanoskin Anti-Corrosion ou Anti-Graffiti Metal.<\/p>\n<div class=\"fusion-aligncenter\"><style type=\"text\/css\">.fusion-button.button-2 .fusion-button-text, .fusion-button.button-2 i {color:#41a5d0;}.fusion-button.button-2 .fusion-button-icon-divider{border-color:#41a5d0;}.fusion-button.button-2:hover .fusion-button-text, .fusion-button.button-2:hover i,.fusion-button.button-2:focus .fusion-button-text, .fusion-button.button-2:focus i,.fusion-button.button-2:active .fusion-button-text, .fusion-button.button-2:active{color:#ffffff;}.fusion-button.button-2:hover .fusion-button-icon-divider, .fusion-button.button-2:hover .fusion-button-icon-divider, .fusion-button.button-2:active .fusion-button-icon-divider{border-color:#ffffff;}.fusion-button.button-2:hover, .fusion-button.button-2:focus, .fusion-button.button-2:active{border-color:#ffffff;border-width:2px;}.fusion-button.button-2 {border-color:#ffffff;border-width:2px;border-radius:30px;}.fusion-button.button-2{background: #ffffff;}.fusion-button.button-2:hover,.button-2:focus,.fusion-button.button-2:active{background: #41a5d0;}<\/style><a class=\"fusion-button button-flat fusion-button-default-size button-custom button-2 fusion-button-default-span \" target=\"_blank\" rel=\"noopener noreferrer\" href=\"https:\/\/www.nanoskin.be\/wp-content\/uploads\/2022\/01\/Fiche-technique-Nanoskin-Metal-Plastics.pdf\"><i class=\"fa-arrow-alt-circle-down fas button-icon-left\" aria-hidden=\"true\"><\/i><span class=\"fusion-button-text\">Fiche technique<\/span><\/a><\/div><\/div><\/div><\/div><div class=\"fusion-clearfix\"><\/div><\/div><\/div><div class=\"fusion-layout-column fusion_builder_column fusion-builder-column-3 fusion_builder_column_1_1 1_1 fusion-one-full fusion-column-first fusion-column-last fusion-column-no-min-height\" style=\"margin-top:0px;margin-bottom:20px;\"><div class=\"fusion-column-wrapper fusion-flex-column-wrapper-legacy\" style=\"background-position:left top;background-repeat:no-repeat;-webkit-background-size:cover;-moz-background-size:cover;-o-background-size:cover;background-size:cover;padding: 0px 0px 0px 0px;\"><div class=\"fusion-aligncenter\"><style type=\"text\/css\">.fusion-button.button-3 .fusion-button-text, .fusion-button.button-3 i {color:#ffffff;}.fusion-button.button-3 .fusion-button-icon-divider{border-color:#ffffff;}.fusion-button.button-3:hover .fusion-button-text, .fusion-button.button-3:hover i,.fusion-button.button-3:focus .fusion-button-text, .fusion-button.button-3:focus i,.fusion-button.button-3:active .fusion-button-text, .fusion-button.button-3:active{color:#ffffff;}.fusion-button.button-3:hover .fusion-button-icon-divider, .fusion-button.button-3:hover .fusion-button-icon-divider, .fusion-button.button-3:active .fusion-button-icon-divider{border-color:#ffffff;}.fusion-button.button-3:hover, .fusion-button.button-3:focus, .fusion-button.button-3:active{border-color:#ffffff;}.fusion-button.button-3 {border-color:#ffffff;border-radius:30px;}.fusion-button.button-3{background: #01ace4;}.fusion-button.button-3:hover,.button-3:focus,.fusion-button.button-3:active{background: #8cb23f;}<\/style><a class=\"fusion-button button-flat button-xlarge button-custom button-3 fusion-button-default-span \" target=\"_self\" href=\"https:\/\/www.nanoskin.be\/fr\/nos-produits\/\" style=\"margin-top:2%;margin-bottom:2%;\"><i class=\"fa-arrow-left fas button-icon-left\" aria-hidden=\"true\"><\/i><span class=\"fusion-button-text\">Nos produits<\/span><\/a><\/div><div class=\"fusion-clearfix\"><\/div><\/div><\/div><\/div><\/div><div class=\"fusion-bg-parallax\" data-bg-align=\"left center\" data-direction=\"up\" data-mute=\"false\" data-opacity=\"100\" data-velocity=\"-0.4\" data-mobile-enabled=\"false\" data-break_parents=\"0\" data-bg-image=\"https:\/\/www.nanoskin.be\/wp-content\/uploads\/2015\/02\/background-homepage.jpg\" data-bg-repeat=\"false\" ><\/div><div class=\"fusion-fullwidth fullwidth-box fusion-builder-row-3 fusion-parallax-up nonhundred-percent-fullwidth non-hundred-percent-height-scrolling\" style=\"background-color: rgba(255,255,255,0);background-image: url(&quot;https:\/\/www.nanoskin.be\/wp-content\/uploads\/2015\/02\/background-homepage.jpg&quot;);background-position: left center;background-repeat: no-repeat;padding-top:110px;padding-right:0px;padding-bottom:85px;padding-left:0px;margin-bottom: 0px;margin-top: 0px;border-width: 0px 0px 0px 0px;border-color:#eae9e9;border-style:solid;-webkit-background-size:cover;-moz-background-size:cover;-o-background-size:cover;background-size:cover;\" ><div class=\"fusion-builder-row fusion-row\"><div class=\"fusion-layout-column fusion_builder_column fusion-builder-column-4 fusion_builder_column_1_1 1_1 fusion-one-full fusion-column-first fusion-column-last\" style=\"margin-top:0px;margin-bottom:20px;\"><div class=\"fusion-column-wrapper fusion-flex-column-wrapper-legacy\" style=\"background-position:left top;background-repeat:no-repeat;-webkit-background-size:cover;-moz-background-size:cover;-o-background-size:cover;background-size:cover;padding: 0px 0px 0px 0px;\"><div class=\"fusion-text fusion-text-3\"><h3 style=\"text-align: center;\"><span style=\"color: #ffffff;\">Int\u00e9ress\u00e9? Contactez-nous pour un devis personnalis\u00e9.<\/span><\/h3>\n<p style=\"text-align: center;\"><span style=\"color: #ffffff;\">Appelez-nous au +32 52 80 08 07 ou envoyez-nous un e-mail \u00e0 <a href=\"mailto:info@nanoskin.be\">info@nanoskin.be<\/a>.<\/span><\/p>\n<\/div><div class=\"fusion-sep-clear\"><\/div><div class=\"fusion-separator fusion-full-width-sep\" style=\"margin-left: auto;margin-right: auto;margin-top:40px;width:100%;\"><\/div><div class=\"fusion-sep-clear\"><\/div><div class=\"fusion-aligncenter\"><style type=\"text\/css\">.fusion-button.button-4 .fusion-button-text, .fusion-button.button-4 i {color:#ffffff;}.fusion-button.button-4 .fusion-button-icon-divider{border-color:#ffffff;}.fusion-button.button-4:hover .fusion-button-text, .fusion-button.button-4:hover i,.fusion-button.button-4:focus .fusion-button-text, .fusion-button.button-4:focus i,.fusion-button.button-4:active .fusion-button-text, .fusion-button.button-4:active{color:#ffffff;}.fusion-button.button-4:hover .fusion-button-icon-divider, .fusion-button.button-4:hover .fusion-button-icon-divider, .fusion-button.button-4:active .fusion-button-icon-divider{border-color:#ffffff;}.fusion-button.button-4:hover, .fusion-button.button-4:focus, .fusion-button.button-4:active{border-color:#ffffff;}.fusion-button.button-4 {border-color:#ffffff;border-radius:30px;}.fusion-button.button-4{background: #01ace4;}.fusion-button.button-4:hover,.button-4:focus,.fusion-button.button-4:active{background: #8cb23f;}<\/style><a class=\"fusion-button button-flat button-xlarge button-custom button-4 fusion-button-default-span \" target=\"_self\" href=\"https:\/\/www.nanoskin.be\/fr\/contact\/\" style=\"margin-bottom:5%;\"><span class=\"fusion-button-text\">Contactez-nous<\/span><\/a><\/div><div class=\"fusion-clearfix\"><\/div><\/div><\/div><\/div><\/div><\/p>\n","protected":false},"excerpt":{"rendered":"","protected":false},"author":3,"featured_media":0,"parent":1401,"menu_order":0,"comment_status":"closed","ping_status":"closed","template":"100-width.php","meta":[],"_links":{"self":[{"href":"https:\/\/www.nanoskin.be\/fr\/wp-json\/wp\/v2\/pages\/1442"}],"collection":[{"href":"https:\/\/www.nanoskin.be\/fr\/wp-json\/wp\/v2\/pages"}],"about":[{"href":"https:\/\/www.nanoskin.be\/fr\/wp-json\/wp\/v2\/types\/page"}],"author":[{"embeddable":true,"href":"https:\/\/www.nanoskin.be\/fr\/wp-json\/wp\/v2\/users\/3"}],"replies":[{"embeddable":true,"href":"https:\/\/www.nanoskin.be\/fr\/wp-json\/wp\/v2\/comments?post=1442"}],"version-history":[{"count":5,"href":"https:\/\/www.nanoskin.be\/fr\/wp-json\/wp\/v2\/pages\/1442\/revisions"}],"predecessor-version":[{"id":3544,"href":"https:\/\/www.nanoskin.be\/fr\/wp-json\/wp\/v2\/pages\/1442\/revisions\/3544"}],"up":[{"embeddable":true,"href":"https:\/\/www.nanoskin.be\/fr\/wp-json\/wp\/v2\/pages\/1401"}],"wp:attachment":[{"href":"https:\/\/www.nanoskin.be\/fr\/wp-json\/wp\/v2\/media?parent=1442"}],"curies":[{"name":"wp","href":"https:\/\/api.w.org\/{rel}","templated":true}]}}