{"id":1717,"date":"2018-05-31T21:55:47","date_gmt":"2018-05-31T19:55:47","guid":{"rendered":"https:\/\/www.nanoskin.be\/?page_id=1717\/"},"modified":"2018-08-02T11:19:59","modified_gmt":"2018-08-02T09:19:59","slug":"cookies","status":"publish","type":"page","link":"https:\/\/www.nanoskin.be\/fr\/cookies\/","title":{"rendered":"Cookies"},"content":{"rendered":"<div class=\"fusion-fullwidth fullwidth-box fusion-builder-row-1 nonhundred-percent-fullwidth non-hundred-percent-height-scrolling\" style=\"background-color: rgba(255,255,255,0);background-position: left top;background-repeat: no-repeat;padding-top:50px;padding-right:0px;padding-bottom:0px;padding-left:0px;margin-bottom: 0px;margin-top: 0px;border-width: 0px 0px 0px 0px;border-color:#eae9e9;border-style:solid;\" ><div class=\"fusion-builder-row fusion-row\"><div class=\"fusion-layout-column fusion_builder_column fusion-builder-column-0 fusion_builder_column_1_1 1_1 fusion-one-full fusion-column-first fusion-column-last fusion-column-no-min-height\" style=\"margin-top:0px;margin-bottom:0px;\"><div class=\"fusion-column-wrapper fusion-flex-column-wrapper-legacy\" style=\"background-position:left top;background-repeat:no-repeat;-webkit-background-size:cover;-moz-background-size:cover;-o-background-size:cover;background-size:cover;padding: 0px 0px 0px 0px;\"><div class=\"fusion-sep-clear\"><\/div><div class=\"fusion-separator fusion-full-width-sep\" style=\"margin-left: auto;margin-right: auto;margin-top:0px;margin-bottom:0px;width:100%;\"><div class=\"fusion-separator-border sep-single sep-solid\" style=\"border-color:#01ace4;border-top-width:5px;\"><\/div><\/div><div class=\"fusion-sep-clear\"><\/div><div class=\"fusion-clearfix\"><\/div><\/div><\/div><div class=\"fusion-layout-column fusion_builder_column fusion-builder-column-1 fusion_builder_column_1_1 1_1 fusion-one-full fusion-column-first fusion-column-last rounded-border\" style=\"margin-top:0px;margin-bottom:20px;\"><div class=\"fusion-column-wrapper fusion-flex-column-wrapper-legacy\" style=\"background-position:left top;background-repeat:no-repeat;-webkit-background-size:cover;-moz-background-size:cover;-o-background-size:cover;background-size:cover;background-color:#ffffff;border:1px solid #e2e2e2;padding: 60px 60px 50px 60px;\"><div class=\"fusion-text fusion-text-1\"><h1 style=\"text-align: center;\"><span style=\"color: #000000;\">Cookies<br \/>\n<\/span><\/h1>\n<p>Un cookie est un petit fichier qui demande acc\u00e8s pour \u00eatre plac\u00e9 sur votre disque d\u00fbr. Une fois accept\u00e9 et plac\u00e9 sur votre disque d\u00fbr, le fichier assiste dans l\u2019analyse du traffic internet ou dans la recherch\u00e9 d\u2019une site web sp\u00e9cifique. Cookies permettent des applications internet \u00e0 communiquer avec vous. L\u2019application pourra ainsi s\u2019adapter \u00e0 vos besoins, sympathies o\u00f9 antipathies en se souvenant de vos pr\u00e9f\u00e9rences personnelles.<\/p>\n<p>Nous utilisons des traffic log cookies afin d\u2019identifier les pages que vous avez visit\u00e9es. Cette information nous aide dans l\u2019analyse du traffic internet et dans l\u2019am\u00e9lioration de notre site web en tentant compte des pr\u00e9f\u00e9rences de l\u2019utilisateur. Cette information est uniquement utilis\u00e9e \u00e0 des fins statistiques et sera par apr\u00e8s effac\u00e9e du syst\u00e8me. En br\u00e8f, les cookies nous aident \u00e0 am\u00e9liorer notre site web en se souvenant des pages que vous avez trouv\u00e9 utiles et des pages qui ne le sont pas pour vous. Un cookie ne nous permet pas d\u2019acc\u00e9der vos donn\u00e9es ni aucune information personnelle que vous ne voulez pas partager avec nous. Vous avez le choix d\u2019accepter ou de refuser ces cookies.<\/p>\n<p>La plupart des browsers les acceptent automatiquement mais en adaptant vos pr\u00e9f\u00e9rences vous aurez la posibilit\u00e9 de les refuser si vous le d\u00e9sirez. Dans tel cas, il est possible que certaines fonctionalit\u00e9s de notre site web seront limit\u00e9es.<\/p>\n<p>&nbsp;<\/p>\n<p>&nbsp;<\/p>\n<\/div><div class=\"fusion-sep-clear\"><\/div><div class=\"fusion-separator fusion-full-width-sep\" style=\"margin-left: auto;margin-right: auto;margin-top:15px;margin-bottom:0px;width:100%;\"><\/div><div class=\"fusion-sep-clear\"><\/div><div class=\"fusion-clearfix\"><\/div><\/div><\/div><\/div><\/div>\n","protected":false},"excerpt":{"rendered":"","protected":false},"author":1,"featured_media":0,"parent":0,"menu_order":0,"comment_status":"closed","ping_status":"closed","template":"100-width.php","meta":[],"_links":{"self":[{"href":"https:\/\/www.nanoskin.be\/fr\/wp-json\/wp\/v2\/pages\/1717"}],"collection":[{"href":"https:\/\/www.nanoskin.be\/fr\/wp-json\/wp\/v2\/pages"}],"about":[{"href":"https:\/\/www.nanoskin.be\/fr\/wp-json\/wp\/v2\/types\/page"}],"author":[{"embeddable":true,"href":"https:\/\/www.nanoskin.be\/fr\/wp-json\/wp\/v2\/users\/1"}],"replies":[{"embeddable":true,"href":"https:\/\/www.nanoskin.be\/fr\/wp-json\/wp\/v2\/comments?post=1717"}],"version-history":[{"count":4,"href":"https:\/\/www.nanoskin.be\/fr\/wp-json\/wp\/v2\/pages\/1717\/revisions"}],"predecessor-version":[{"id":1744,"href":"https:\/\/www.nanoskin.be\/fr\/wp-json\/wp\/v2\/pages\/1717\/revisions\/1744"}],"wp:attachment":[{"href":"https:\/\/www.nanoskin.be\/fr\/wp-json\/wp\/v2\/media?parent=1717"}],"curies":[{"name":"wp","href":"https:\/\/api.w.org\/{rel}","templated":true}]}}